{"id":3,"date":"2023-04-12T17:30:24","date_gmt":"2023-04-12T17:30:24","guid":{"rendered":"http:\/\/tatuape.hostguiase.com.br\/ciano\/?page_id=3"},"modified":"2023-05-02T23:03:16","modified_gmt":"2023-05-02T23:03:16","slug":"privacidade","status":"publish","type":"page","link":"https:\/\/tatuape.hostguiase.com.br\/ciano\/privacidade\/","title":{"rendered":"Pol\u00edtica de Privacidade"},"content":{"rendered":"<p>Temos o compromisso de proteger a privacidade dos usu\u00e1rios de nossos Servi\u00e7os.<\/p>\n<p>Esta pol\u00edtica se aplica quando atuamos como um controlador de dados em rela\u00e7\u00e3o aos dados pessoais de usu\u00e1rios de nossos Servi\u00e7os.<\/p>\n<p>N\u00f3s usamos cookies em nosso site. Na medida em que esses cookies n\u00e3o sejam estritamente necess\u00e1rios para a navega\u00e7\u00e3o em nosso site e\/ou o fornecimento de nossos Servi\u00e7os, solicitaremos que voc\u00ea concorde com o uso de cookies quando visitar o nosso site pela primeira vez.<\/p>\n<p>Nossos sites, aplicativos e servi\u00e7os de nuvem incorporam funcionalidades que lhe permitem configurar suas prefer\u00eancias sobre seus Dados Pessoais e sua privacidade, os chamados controles de privacidade. Ao usar os controles de privacidade, voc\u00ea pode especificar como deseja que lidemos com seus Dados Pessoais.<\/p>\n<p>Nesta pol\u00edtica, \u201cn\u00f3s\u201d e \u201cnosso\u201d se referem \u00e0 Cianotec Equipamentos Cient\u00edficos LTDA.<\/p>\n<p>&nbsp;<\/p>\n<p>Seus Dados Pessoais e como os utilizamos<\/p>\n<p>Podemos tratar dados referentes ao uso dos nossos sites, produtos, servi\u00e7os de nuvem e aplicativos e por meio da utiliza\u00e7\u00e3o destes (\u201cServi\u00e7os\u201d). O Uso de Dados pode incluir seu endere\u00e7o de IP, localiza\u00e7\u00e3o geogr\u00e1fica, tipo e vers\u00e3o de navegador, sistema operacional, tempo da visita aos nossos sites (\u201cUso de Dados\u201d), n\u00famero de utiliza\u00e7\u00f5es dos Servi\u00e7os, data da visita, dentre outras. A fonte do Uso de Dados \u00e9 Google Analytics (descreva se voc\u00ea utilizar outra forma de coleta). O Uso de Dados pode ser realizado para o prop\u00f3sito de an\u00e1lise de uso dos Servi\u00e7os, produtos e servi\u00e7os da Cianotec Equipamentos Cient\u00edficos LTDA. A base legal para o tratamento de tais dados \u00e9 o leg\u00edtimo interesse da Cianotec Equipamentos Cient\u00edficos LTDA, como meio de garantir a plena execu\u00e7\u00e3o e funcionalidades dos Servi\u00e7os.<\/p>\n<p>Podemos tratar os dados de seu cadastro. Os cadastros podem incluir nome, endere\u00e7o de e-mail, endere\u00e7o, CPF, telefone, imagem, foto, \u00e1udio, entre outros. Os Dados de Cadastro podem ser tratados para fins de opera\u00e7\u00e3o dos Servi\u00e7os, fornecimento de produtos e servi\u00e7os, garantia da seguran\u00e7a de nossos Servi\u00e7os, produtos e servi\u00e7os, manuten\u00e7\u00e3o de backup de bases de dados e comunica\u00e7\u00e3o com nossos clientes, incluindo a disponibiliza\u00e7\u00e3o e acesso \u00e0 todas as funcionalidades dos Servi\u00e7os. A base legal para o tratamento de tais dados \u00e9 o consentimento.<\/p>\n<p>Podemos tratar dados a partir de questionamentos que nos sejam enviados em rela\u00e7\u00e3o a atendimento ao consumidor. Os Dados de Questionamentos do Consumidor podem incluir detalhes sobre suas perguntas e problemas com produtos e\/ou servi\u00e7os e podem ser tratados para fins de oferta de novos produtos e\/ou servi\u00e7os, atualiza\u00e7\u00e3o de processos de resposta e melhoria de atendimento ao consumidor. A base legal para o tratamento de tais dados \u00e9 o leg\u00edtimo interesse da Cianotec Equipamentos Cient\u00edficos LTDA\u00a0 e de seus clientes e cumprimento de obriga\u00e7\u00e3o legal.<\/p>\n<p>Podemos tratar seus dados obtidos a partir de transa\u00e7\u00f5es financeiras realizadas a partir de nossos Servi\u00e7os, inclusive para aquisi\u00e7\u00e3o de produtos e\/ou servi\u00e7os. Os Dados de Transa\u00e7\u00f5es podem incluir seu endere\u00e7o, CPF, dados financeiros, banc\u00e1rios e n\u00famero de cart\u00e3o de cr\u00e9dito, dentre outros, e s\u00e3o tratados para o fornecimento de produtos e\/ou servi\u00e7os, manuten\u00e7\u00e3o de arquivos, cumprimento de obriga\u00e7\u00f5es fiscais. A base legal para o tratamento de tais dados \u00e9 o cumprimento de obriga\u00e7\u00e3o legal, especificamente legisla\u00e7\u00e3o fiscal.<\/p>\n<p>Podemos tratar seus Dados Pessoais para o envio de an\u00fancios, propagandas e marketing direto, relacionados aos interesses do cliente de acordo com suas prefer\u00eancias. A base legal para o tratamento de tais dados \u00e9 o consentimento, bem como leg\u00edtimo interesse do controlador.<\/p>\n<p>Em alguns casos, a Cianotec Equipamentos Cient\u00edficos LTDA poder\u00e1 captar dados de terceiros. Os dados podem incluir imagens faciais, grava\u00e7\u00f5es, \u00e1udio, que podem ser classificados como dados pessoais, protegidos por lei. A responsabilidade pela prote\u00e7\u00e3o dos dados de terceiros, captados a partir dos produtos fornecidos pela Cianotec Equipamentos Cient\u00edficos LTDA e de titularidade do Usu\u00e1rio, s\u00e3o de inteira responsabilidade do Usu\u00e1rio, cabendo a este, aplicar todos os meios necess\u00e1rios para a prote\u00e7\u00e3o efetiva dos dados, especialmente, a configura\u00e7\u00e3o dos produtos e de rede para que os padr\u00f5es m\u00ednimos de seguran\u00e7a sejam garantidos. A Cianotec Equipamentos Cient\u00edficos LTDA n\u00e3o \u00e9 respons\u00e1vel pelo uso ilegal dos dados coletados por interm\u00e9dio de seus produtos, pois inacess\u00edvel a gest\u00e3o dos mesmos.<\/p>\n<p>&nbsp;<\/p>\n<p>Transfer\u00eancia de Dados para Terceiros<\/p>\n<p>Podemos divulgar seus dados pessoais a qualquer membro de nosso grupo de empresas (isso significa nossas subsidi\u00e1rias, nossos controladores e todas as suas controladas), na medida do razoavelmente necess\u00e1rio para as finalidades informadas e de acordo com a legisla\u00e7\u00e3o aplic\u00e1vel, bem como observadas as bases legais de tratamento informadas nessa pol\u00edtica.<\/p>\n<p>Podemos divulgar seus dados pessoais \u00e0s nossas seguradoras e\/ou consultores profissionais, na medida do razoavelmente necess\u00e1rio para os fins de obter ou manter cobertura de seguro, gerenciar riscos, obter aconselhamento profissional ou o ingresso, exerc\u00edcio ou defesa em a\u00e7\u00f5es administrativas, arbitrais e ou legais. Ademais, podemos divulgar seus dados para nossos fornecedores na medida do razoavelmente necess\u00e1rio para lhe fornecer nossos produtos e\/ou servi\u00e7os e assegurar a seguran\u00e7a na utiliza\u00e7\u00e3o de nossos Servi\u00e7os e na utiliza\u00e7\u00e3o de seus dados pessoais, tais como fornecedores, servi\u00e7os de marketing e atendimento ao consumidor, provedores de redes e servi\u00e7os de nuvem.<\/p>\n<p>As transa\u00e7\u00f5es financeiras relacionadas aos nossos Servi\u00e7os e \u00e0 aquisi\u00e7\u00e3o de nossos produtos e\/ou servi\u00e7os s\u00e3o tratadas por nossos provedores de servi\u00e7os de pagamento, sendo que compartilhamos os dados da transa\u00e7\u00e3o com nossos prestadores de servi\u00e7os de pagamento apenas na extens\u00e3o necess\u00e1ria para os fins de processar seus pagamentos, reembolsar valores e lidar com reclama\u00e7\u00f5es e consultas relacionadas a essas quest\u00f5es.<\/p>\n<p>Al\u00e9m das divulga\u00e7\u00f5es espec\u00edficas de dados pessoais estabelecidas nesta Cl\u00e1usula, podemos divulgar seus dados pessoais sempre que tal divulga\u00e7\u00e3o for necess\u00e1ria para o cumprimento de uma obriga\u00e7\u00e3o legal e\/ou regulat\u00f3ria a qual a Cianotec Equipamentos Cient\u00edficos LTDA est\u00e1 sujeita, bem como para proteger seus interesses vitais ou os interesses vitais de outro titular.<\/p>\n<p>A Cianotec Equipamentos Cient\u00edficos LTDA n\u00e3o possui escrit\u00f3rios e instala\u00e7\u00f5es em outros pa\u00edses, mas possui possui fornecedores em outros pa\u00edses (hospedagem de sites, servi\u00e7os de nuvem, gateways de pagamento, suporte t\u00e9cnico, desenvolvimento, modelagem, customiza\u00e7\u00e3o, entre outros). Dessa forma, podemos transmitir seus dados para fora do Brasil com vistas aos prop\u00f3sitos indicados acima. A Cianotec Equipamentos Cient\u00edficos LTDA adota todas as medidas adequadas e celebra os contratos necess\u00e1rios com seus fornecedores e escrit\u00f3rios estrangeiros para garantir que o tratamento de dados pessoais fora do Brasil seja realizado de acordo com a LGPD e em observ\u00e2ncia a estas Pol\u00edticas.<\/p>\n<p>&nbsp;<\/p>\n<p>Armazenamento e Dele\u00e7\u00e3o de Dados Pessoais<\/p>\n<p>Os dados pessoais que tratamos para qualquer finalidade n\u00e3o devem ser mantidos por mais tempo do que o necess\u00e1rio para tais finalidades.<\/p>\n<p>Seus dados pessoais ser\u00e3o retidos da seguinte maneira:<\/p>\n<p>(a) Eventuais dados pessoais tais como CPF, e-mail, endere\u00e7o, telefone coletados por interm\u00e9dio do Site ser\u00e3o mantidos por um per\u00edodo m\u00ednimo de 5 (cinco) anos ap\u00f3s a coleta do dado e por um per\u00edodo m\u00e1ximo de 10(dez) anos;<\/p>\n<p>(b) Em alguns casos, n\u00e3o \u00e9 poss\u00edvel especificar com anteced\u00eancia os per\u00edodos pelos quais seus dados pessoais ser\u00e3o retidos. Nesses casos, determinaremos o per\u00edodo de reten\u00e7\u00e3o com base nos seguintes crit\u00e9rios, sem preju\u00edzo de outros: (i) exist\u00eancia de lei ou regula\u00e7\u00e3o espec\u00edfica exigindo prazo determinado para reten\u00e7\u00e3o de dados; (ii) pol\u00edticas internas; (iii) exist\u00eancia de processos judiciais, administrativos ou arbitrais; e (iv) solicita\u00e7\u00f5es de informa\u00e7\u00f5es realizadas por autoridades governamentais.<\/p>\n<p>&nbsp;<\/p>\n<p>Altera\u00e7\u00f5es a Pol\u00edtica de Privacidade<\/p>\n<p>A Cianotec Equipamentos Cient\u00edficos LTDA pode alterar essa pol\u00edtica a qualquer tempo, sendo que tais atualiza\u00e7\u00f5es s\u00e3o publicadas em nossos Servi\u00e7os e podem ser verificadas a qualquer tempo.<\/p>\n<p>Recomendamos que voc\u00ea verifique periodicamente nossos Servi\u00e7os para consultar eventuais altera\u00e7\u00f5es a essa Pol\u00edtica de Privacidade.<\/p>\n<p>Em caso de altera\u00e7\u00f5es significativas a essa pol\u00edtica de privacidade podemos lhe comunicar por meio de e-mail sobre tais altera\u00e7\u00f5es ou por meio de mensagens espec\u00edficas em nossos Servi\u00e7os.<\/p>\n<p>&nbsp;<\/p>\n<p>Seus Direitos<\/p>\n<p>Seus principais direitos sob a legisla\u00e7\u00e3o de prote\u00e7\u00e3o de dados s\u00e3o:<\/p>\n<p>\u00a9 direito de acesso;<\/p>\n<p>(a) direito de retifica\u00e7\u00e3o;<\/p>\n<p>(b) direito de oposi\u00e7\u00e3o ao tratamento;<\/p>\n<p>\u00a9 direito a portabilidade de dados;<\/p>\n<p>(d) direito de pleito perante \u00e0s autoridades competentes; e<\/p>\n<p>(e) direito de retirada do consentimento.<\/p>\n<p>Voc\u00ea tem o direito de confirmar se tratamos ou n\u00e3o seus dados pessoais e onde o fazemos, bem como tem direito a acessar tais dados pessoais, juntamente com certas informa\u00e7\u00f5es adicionais. Essas informa\u00e7\u00f5es adicionais incluem detalhes das finalidades de tratamento, das categorias de dados pessoais em quest\u00e3o e dos destinat\u00e1rios dos dados pessoais. Se os direitos e liberdades de terceiros n\u00e3o forem afetados, forneceremos a voc\u00ea uma c\u00f3pia de seus dados pessoais.<\/p>\n<p>Voc\u00ea tem o direito de retificar e atualizar seus dados pessoais, mediante solicita\u00e7\u00e3o ao contatocontato@cianotec.com.br. Em algumas circunst\u00e2ncias, voc\u00ea tem o direito de apagar seus dados pessoais sem demora injustificada. Essas circunst\u00e2ncias incluem: (i) os dados pessoais n\u00e3o s\u00e3o mais necess\u00e1rios em rela\u00e7\u00e3o aos fins para os quais foram coletados ou tratados; (ii) voc\u00ea retira o consentimento para o tratamento baseado em consentimento; (iii) voc\u00ea se op\u00f5e ao tratamento; (iv) o tratamento \u00e9 para fins de marketing; e (v) os dados pessoais foram tratados ilegalmente. No entanto, existem exclus\u00f5es ao seu direito de se opor ao tratamento, tais como quando este \u00e9 necess\u00e1rio para exercer o direito \u00e0 liberdade de express\u00e3o e informa\u00e7\u00e3o, para o cumprimento de obriga\u00e7\u00f5es legais e\/ou regulat\u00f3rias, para exerc\u00edcio de direitos em processos, ou mesmo para o leg\u00edtimo interesse da Cianotec Equipamentos Cient\u00edficos LTDA.<\/p>\n<p>Voc\u00ea tem o direito de se opor ao tratamento de seus dados pessoais por motivos relacionados \u00e0 sua situa\u00e7\u00e3o espec\u00edfica, mas apenas na medida em que a base legal do tratamento for necess\u00e1ria para o desempenho de uma a\u00e7\u00e3o realizada em vistas ao interesse p\u00fablico ou no exerc\u00edcio de qualquer autoridade oficial investida \u00e0 Cianotec Equipamentos Cient\u00edficos LTDA, ou ainda em face a interesses leg\u00edtimos perseguidos por n\u00f3s ou por terceiros. Se voc\u00ea fizer tal obje\u00e7\u00e3o, deixaremos de tratar seus dados pessoais a menos que possamos demonstrar motivos leg\u00edtimos e convincentes para o tratamento que possam substituir seus interesses, direitos e liberdades, ou o tratamento \u00e9 para o estabelecimento, exerc\u00edcio ou defesa de reivindica\u00e7\u00f5es administrativas, legais ou arbitrais.<\/p>\n<p>Voc\u00ea tem o direito de se opor ao tratamento de seus dados pessoais para fins de marketing direto. Se voc\u00ea fizer tal obje\u00e7\u00e3o, deixaremos de tratar seus dados pessoais para esse fim.<\/p>\n<p>Se voc\u00ea considerar que o tratamento de suas informa\u00e7\u00f5es pessoais viola a legisla\u00e7\u00e3o de prote\u00e7\u00e3o de dados, voc\u00ea tem o direito de apresentar uma queixa \u00e0 autoridade competente e solicitar que a Cianotec Equipamentos Cient\u00edficos LTDA interrompa imediatamente o tratamento em quest\u00e3o.<\/p>\n<p>Na medida em que a base legal para o tratamento de seus dados pessoais for o consentimento, voc\u00ea tem o direito de revogar esse consentimento a qualquer momento. A retirada n\u00e3o afetar\u00e1 a legalidade do tratamento antes de tal retirada.<\/p>\n<p>De acordo com os Servi\u00e7os que voc\u00ea tenha contratado com a Cianotec Equipamentos Cient\u00edficos LTDA, voc\u00ea poder\u00e1, \u00e0s suas expensas, auditar a conformidade com os termos desta Pol\u00edtica de Privacidade, enviando uma solicita\u00e7\u00e3o por escrito, incluindo um plano de auditoria detalhado, pelo menos seis semanas antes da auditoria proposta. Voc\u00ea e a Cianotec Equipamentos Cient\u00edficos LTDA trabalhar\u00e3o cooperativamente para chegar a um acordo final sobre o plano de auditoria.<\/p>\n<p>A auditoria deve ser realizada n\u00e3o mais que uma vez durante um per\u00edodo de doze meses, durante o hor\u00e1rio comercial, sujeito \u00e0s pol\u00edticas e regulamentos da Cianotec Equipamentos Cient\u00edficos LTDA, e n\u00e3o pode interferir nas atividades desta. Se voc\u00ea desejar usar um terceiro para conduzir a auditoria, tal terceiro dever\u00e1 ser mutuamente aprovado por voc\u00ea e pela Cianotec Equipamentos Cient\u00edficos LTDA, sujeito a celebra\u00e7\u00e3o de acordo de confidencialidade aprovado pela Cianotec Equipamentos Cient\u00edficos LTDA. Ap\u00f3s a conclus\u00e3o da auditoria, voc\u00ea fornecer\u00e1 \u00e0 Cianotec Equipamentos Cient\u00edficos LTDA uma c\u00f3pia do relat\u00f3rio de auditoria, que \u00e9 classificada como informa\u00e7\u00e3o confidencial nos termos de seu contrato.<\/p>\n<p>Voc\u00ea pode exercer qualquer um dos seus direitos em rela\u00e7\u00e3o aos seus dados pessoais por meio de notifica\u00e7\u00e3o por escrito por meio de e-mail para contato@cianotec.com.br.<\/p>\n<p>Cookies, Identificadores, Rastreadores e Informa\u00e7\u00f5es de Terceiros<\/p>\n<p>Um cookie \u00e9 um arquivo que cont\u00e9m um identificador (uma sequ\u00eancia de letras e n\u00fameros) que \u00e9 enviado por um servidor da web para um navegador da web e \u00e9 armazenado pelo navegador. O identificador \u00e9 ent\u00e3o enviado de volta ao servidor toda vez que o navegador solicita uma p\u00e1gina de tal servidor.<\/p>\n<p>Os cookies normalmente n\u00e3o cont\u00eam nenhuma informa\u00e7\u00e3o que identifique pessoalmente um usu\u00e1rio, mas as informa\u00e7\u00f5es pessoais que armazenamos sobre voc\u00ea podem estar vinculadas \u00e0s informa\u00e7\u00f5es armazenadas e obtidas a partir de cookies.<\/p>\n<p>Utilizamos cookies para os seguintes fins:<\/p>\n<ol>\n<li>autentica\u00e7\u00e3o \u2013 usamos cookies para identific\u00e1-lo quando voc\u00ea utiliza nossos Servi\u00e7os;<\/li>\n<li>status \u2013 usamos cookies para nos ajudar a determinar se voc\u00ea est\u00e1 logado em nossos Servi\u00e7os;<\/li>\n<li>personaliza\u00e7\u00e3o \u2013 usamos cookies para armazenar informa\u00e7\u00f5es sobre suas prefer\u00eancias e personalizar Servi\u00e7os para voc\u00ea;<\/li>\n<li>seguran\u00e7a \u2013 usamos cookies como um elemento das medidas de seguran\u00e7a usadas para proteger contas de usu\u00e1rios, incluindo a preven\u00e7\u00e3o de uso fraudulento de credenciais de login e para proteger nossos Servi\u00e7os e servi\u00e7os em geral;<\/li>\n<li>publicidade \u2013 usamos cookies para nos ajudar a exibir an\u00fancios que ser\u00e3o relevantes para voc\u00ea;<\/li>\n<li>an\u00e1lise \u2013 usamos cookies para nos ajudar a analisar o uso e desempenho de nosso site e servi\u00e7os; e<\/li>\n<li>consentimento de cookies \u2013 usamos cookies para armazenar suas prefer\u00eancias em rela\u00e7\u00e3o ao uso de cookies de maneira mais geral.<\/li>\n<\/ol>\n<p>Nossos provedores de servi\u00e7os usam cookies e esses cookies podem ser armazenados em seu computador quando voc\u00ea utiliza Servi\u00e7os.<\/p>\n<p>Usamos o Google Analytics para analisar o uso do nosso site. O Google Analytics (ADAPTE)re\u00fane informa\u00e7\u00f5es sobre o uso do site por meio de cookies.<\/p>\n<p>Publicamos an\u00fancios baseados em interesses do Google AdSense em nossos Servi\u00e7os. Eles s\u00e3o personalizados pelo Google para refletir seus interesses. Para determinar seus interesses, o Google rastrear\u00e1 seu comportamento em nossos Servi\u00e7os e em outros sites da Web usando cookies. Utilizamos Google Tag Manager em nossos Sites para criar e atualizar tags do Google. (Retire se n\u00e3o for o seu caso).<\/p>\n<p>A maioria dos navegadores permite que voc\u00ea se recuse a aceitar cookies e que possa excluir cookies. Os m\u00e9todos para fazer isso variam de navegador para navegador e de suas vers\u00f5es.<\/p>\n<p>O bloqueio de todos os cookies ter\u00e1 um impacto negativo na usabilidade de muitos sites. Se voc\u00ea bloquear cookies, n\u00e3o poder\u00e1 usar todos os recursos em nossos Servi\u00e7os.<\/p>\n<p>Tamb\u00e9m utilizamos identificadores de dispositivos m\u00f3veis que s\u00e3o armazenados no seu dispositivo m\u00f3vel e rastreiam determinados dados e atividades que ocorrem no seu dispositivo ou por meio dele. Os identificadores de dispositivos m\u00f3veis permitem a coleta de dados pessoais (como controles de acesso \u00e0 m\u00eddia), al\u00e9m de informa\u00e7\u00f5es n\u00e3o pessoalmente identific\u00e1veis (como dados de uso e tr\u00e1fego).<\/p>\n<p>Algumas partes do nossos Servi\u00e7os podem incluir recursos de m\u00eddia social, como o bot\u00e3o \u201ccurtir\u201d do Facebook, e widgets, como o bot\u00e3o \u201ccompartilhar\u201d. Esses recursos de m\u00eddia social s\u00e3o hospedados por terceiros ou diretamente em nossos Servi\u00e7os. Quando voc\u00ea usa essas ferramentas, a parte que fornece a ferramenta, a terceira parte que opera os servi\u00e7os de m\u00eddia social e\/ou N\u00f3s podemos receber dados pessoais sobre voc\u00ea. Ao usar essas ferramentas, voc\u00ea reconhece que algumas informa\u00e7\u00f5es, incluindo dados pessoais, de seus servi\u00e7os de m\u00eddia social ser\u00e3o transmitidas para N\u00f3s e, portanto, essas informa\u00e7\u00f5es s\u00e3o cobertas por esta Pol\u00edtica de Privacidade, e tamb\u00e9m pelas pol\u00edticas de privacidade dos terceiros.<\/p>\n<p>Podemos usar servi\u00e7os de terceiros, como ferramentas de pesquisa abertas e redes sociais, para obter informa\u00e7\u00f5es sobre voc\u00ea (como seu nome ou empresa) e enriquecer seus dados pessoais, obtendo informa\u00e7\u00f5es dispon\u00edveis publicamente sobre voc\u00ea, como seu cargo, hist\u00f3rico de emprego e informa\u00e7\u00f5es de contato.<\/p>\n<p>&nbsp;<\/p>\n<p>Incidentes<\/p>\n<p>A\u00a0 Cianotec Equipamentos Cient\u00edficos LTDA avalia e responde prontamente \u00e0 ocorr\u00eancia de incidentes que possam comprometer seus Dados Pessoais.<\/p>\n<p>Caso a Cianotec Equipamentos Cient\u00edficos LTDA tenha conhecimento de qualquer incidente envolvendo os Dados Pessoais de Usu\u00e1rios dos Servi\u00e7os, ela notificar\u00e1 voc\u00ea e as autoridades competentes.<\/p>\n<p>&nbsp;<\/p>\n<p>Nossos Dados<\/p>\n<p>Os Servi\u00e7os s\u00e3o de propriedade e operados pela\u00a0 Cianotec Equipamentos Cient\u00edficos LTDA.<\/p>\n<p>A Cianotec Equipamentos Cient\u00edficos LTDA ,\u00a0 est\u00e1 inscrita no CNPJ\/MF sob o n\u00ba:43.876.910\/0001-45 , localizada na cidade de Uberaba, Estado de Minas Gerais. No endere\u00e7o Engenheiro Domingos Varotto n\u00b0 1072<\/p>\n<p>Bairro: Jardim Maraj\u00f3<\/p>\n<p>Cep: 38052040 \u2013 Uberaba \u2013 MG<\/p>\n<p>Voc\u00ea pode entrar em contato conosco pelo e-mail\u00a0 contato@cianotec.com.br e telefone (34) 9 9227 2991<\/p>\n<p>\u00a0Cianotec Equipamentos Cient\u00edficos LTDA N\u00f3s usamos cookies para te oferecer a melhor experi\u00eancia em nosso site.<\/p>\n","protected":false},"excerpt":{"rendered":"<p>Temos o compromisso de proteger a privacidade dos usu\u00e1rios de nossos Servi\u00e7os. Esta pol\u00edtica se aplica quando atuamos como um controlador de dados em rela\u00e7\u00e3o aos dados pessoais de usu\u00e1rios de nossos Servi\u00e7os. N\u00f3s usamos cookies em nosso site. Na medida em que esses cookies n\u00e3o sejam estritamente necess\u00e1rios para a navega\u00e7\u00e3o em nosso site [&hellip;]<\/p>\n","protected":false},"author":1,"featured_media":0,"parent":0,"menu_order":0,"comment_status":"closed","ping_status":"open","template":"","meta":{"footnotes":""},"class_list":["post-3","page","type-page","status-publish","hentry","entry","owp-thumbs-layout-horizontal","owp-btn-normal","owp-tabs-layout-horizontal","has-no-thumbnails"],"acf":[],"_links":{"self":[{"href":"https:\/\/tatuape.hostguiase.com.br\/ciano\/wp-json\/wp\/v2\/pages\/3","targetHints":{"allow":["GET"]}}],"collection":[{"href":"https:\/\/tatuape.hostguiase.com.br\/ciano\/wp-json\/wp\/v2\/pages"}],"about":[{"href":"https:\/\/tatuape.hostguiase.com.br\/ciano\/wp-json\/wp\/v2\/types\/page"}],"author":[{"embeddable":true,"href":"https:\/\/tatuape.hostguiase.com.br\/ciano\/wp-json\/wp\/v2\/users\/1"}],"replies":[{"embeddable":true,"href":"https:\/\/tatuape.hostguiase.com.br\/ciano\/wp-json\/wp\/v2\/comments?post=3"}],"version-history":[{"count":4,"href":"https:\/\/tatuape.hostguiase.com.br\/ciano\/wp-json\/wp\/v2\/pages\/3\/revisions"}],"predecessor-version":[{"id":509,"href":"https:\/\/tatuape.hostguiase.com.br\/ciano\/wp-json\/wp\/v2\/pages\/3\/revisions\/509"}],"wp:attachment":[{"href":"https:\/\/tatuape.hostguiase.com.br\/ciano\/wp-json\/wp\/v2\/media?parent=3"}],"curies":[{"name":"wp","href":"https:\/\/api.w.org\/{rel}","templated":true}]}}