{"id":225,"date":"2023-04-30T19:33:50","date_gmt":"2023-04-30T19:33:50","guid":{"rendered":"http:\/\/tatuape.hostguiase.com.br\/ciano\/?post_type=product&#038;p=225"},"modified":"2023-05-03T18:26:54","modified_gmt":"2023-05-03T18:26:54","slug":"agitador-tipo-wagner-ct-08p-e-ct-10p","status":"publish","type":"product","link":"https:\/\/tatuape.hostguiase.com.br\/ciano\/produto\/agitador-tipo-wagner-ct-08p-e-ct-10p\/","title":{"rendered":"Agitador tipo Wagner  CT- 08P E CT- 10P"},"content":{"rendered":"<p>Desenvolvido para agitar e homogeneizar amostras que necessitem de agita\u00e7\u00e3o 360\u00b0.<\/p>\n<p><strong>ESPECIFICA\u00c7\u00d5ES T\u00c9CNICAS:<\/strong><\/p>\n<ul>\n<li>Rota\u00e7\u00e3o: 10 a 60 RPM.<\/li>\n<li>Precis\u00e3o: \u00b1 5 RPM.<\/li>\n<li>Controle de Rota\u00e7\u00e3o: Anal\u00f3gico.<\/li>\n<li>Amplitude de agita\u00e7\u00e3o: 360\u00b0.<\/li>\n<li>Motor Redutor: 100 Watts.<\/li>\n<li>Capacidade de provas: 08 ou 10 provas com suporte girat\u00f3rio para garrafas de 500 ml e ajustes de altura possibilitando o uso de outros frascos<\/li>\n<li>Fixa\u00e7\u00e3o das garrafas: Atrav\u00e9s de man\u00edpulos.<\/li>\n<li>Gabinete: Em a\u00e7o carbono com tratamento anticorrosivo e pintura eletrost\u00e1tica ou em a\u00e7o inox304.<\/li>\n<li>Tens\u00e3o: 100-240 Volts.<\/li>\n<li>Pot\u00eancia: 120 Watts.<\/li>\n<li>Peso: 25kg.<\/li>\n<li>Observa\u00e7\u00e3o: Vidrarias n\u00e3o inclusa no equipamento.<\/li>\n<li>Acompanha: 02 Fus\u00edveis extra e manual de instru\u00e7\u00f5es com termo de garantia.<\/li>\n<li>Opcional de temporizador de 1 at\u00e9 9999 minutos.<\/li>\n<\/ul>\n","protected":false},"excerpt":{"rendered":"<p>Desenvolvido para agitar e homogeneizar amostras que necessitem de agita\u00e7\u00e3o 360\u00b0.<\/p>\n","protected":false},"featured_media":226,"template":"","meta":[],"product_cat":[23],"product_tag":[37,38,39,34,40,41,36,35,42,43,44],"class_list":{"0":"post-225","1":"product","2":"type-product","3":"status-publish","4":"has-post-thumbnail","5":"hentry","6":"product_cat-agitador","7":"product_tag-agitadores","8":"product_tag-destiladores","9":"product_tag-durometro","10":"product_tag-engenharia-de-equipamentos","11":"product_tag-espectro","12":"product_tag-exaustor","13":"product_tag-laboratorios-fisicos","14":"product_tag-laboratorios-quimicos","15":"product_tag-medidor-de-ph","16":"product_tag-vidrarias","17":"product_tag-viscosimetro","19":"entry","20":"has-media","21":"owp-thumbs-layout-horizontal","22":"owp-btn-normal","23":"owp-tabs-layout-horizontal","24":"has-no-thumbnails"},"_links":{"self":[{"href":"https:\/\/tatuape.hostguiase.com.br\/ciano\/wp-json\/wp\/v3\/product\/225","targetHints":{"allow":["GET"]}}],"collection":[{"href":"https:\/\/tatuape.hostguiase.com.br\/ciano\/wp-json\/wp\/v3\/product"}],"about":[{"href":"https:\/\/tatuape.hostguiase.com.br\/ciano\/wp-json\/wp\/v2\/types\/product"}],"wp:featuredmedia":[{"embeddable":true,"href":"https:\/\/tatuape.hostguiase.com.br\/ciano\/wp-json\/wp\/v2\/media\/226"}],"wp:attachment":[{"href":"https:\/\/tatuape.hostguiase.com.br\/ciano\/wp-json\/wp\/v2\/media?parent=225"}],"wp:term":[{"taxonomy":"product_cat","embeddable":true,"href":"https:\/\/tatuape.hostguiase.com.br\/ciano\/wp-json\/wp\/v2\/product_cat?post=225"},{"taxonomy":"product_tag","embeddable":true,"href":"https:\/\/tatuape.hostguiase.com.br\/ciano\/wp-json\/wp\/v2\/product_tag?post=225"}],"curies":[{"name":"wp","href":"https:\/\/api.w.org\/{rel}","templated":true}]}}