{"id":230,"date":"2023-04-30T19:50:40","date_gmt":"2023-04-30T19:50:40","guid":{"rendered":"http:\/\/tatuape.hostguiase.com.br\/ciano\/?post_type=product&#038;p=230"},"modified":"2023-05-03T18:54:53","modified_gmt":"2023-05-03T18:54:53","slug":"macaco-para-elevacao-de-tubos-em-destiladores-de-nitrogenio","status":"publish","type":"product","link":"https:\/\/tatuape.hostguiase.com.br\/ciano\/produto\/macaco-para-elevacao-de-tubos-em-destiladores-de-nitrogenio\/","title":{"rendered":"Macaco para Eleva\u00e7\u00e3o de Tubos em Destiladores de Nitrog\u00eanio"},"content":{"rendered":"<p>O Macaco para eleva\u00e7\u00e3o \u00e9 uma pe\u00e7a utilizada para eleva\u00e7\u00e3o e fixa\u00e7\u00e3o de tubos macro e micro em Destiladores de Nitrog\u00eanio modelo Kjeldahl.<\/p>\n<p><strong>ESPECIFICA\u00c7\u00d5ES T\u00c9CNICAS:<\/strong><\/p>\n<ul>\n<li>Eleva\u00e7\u00e3o: 35mm.<\/li>\n<li>Largura: 60mm.<\/li>\n<li>Altura: 60mm.<\/li>\n<li>Material: Poliacetal.<\/li>\n<li>Compat\u00edvel com tubos macro (50mm) e micro (25mm).<\/li>\n<\/ul>\n","protected":false},"excerpt":{"rendered":"<p><strong>O Macaco para eleva\u00e7\u00e3o \u00e9 uma pe\u00e7a utilizada para eleva\u00e7\u00e3o e fixa\u00e7\u00e3o de tubos macro e micro em Destiladores de Nitrog\u00eanio modelo Kjeldahl.<\/strong><\/p>\n<p>&nbsp;<\/p>\n","protected":false},"featured_media":233,"template":"","meta":[],"product_cat":[22],"product_tag":[37,38,39,34,40,41,36,35,42,43,44],"class_list":{"0":"post-230","1":"product","2":"type-product","3":"status-publish","4":"has-post-thumbnail","5":"hentry","6":"product_cat-acessorios","7":"product_tag-agitadores","8":"product_tag-destiladores","9":"product_tag-durometro","10":"product_tag-engenharia-de-equipamentos","11":"product_tag-espectro","12":"product_tag-exaustor","13":"product_tag-laboratorios-fisicos","14":"product_tag-laboratorios-quimicos","15":"product_tag-medidor-de-ph","16":"product_tag-vidrarias","17":"product_tag-viscosimetro","19":"entry","20":"has-media","21":"owp-thumbs-layout-horizontal","22":"owp-btn-normal","23":"owp-tabs-layout-horizontal","24":"has-no-thumbnails"},"_links":{"self":[{"href":"https:\/\/tatuape.hostguiase.com.br\/ciano\/wp-json\/wp\/v3\/product\/230","targetHints":{"allow":["GET"]}}],"collection":[{"href":"https:\/\/tatuape.hostguiase.com.br\/ciano\/wp-json\/wp\/v3\/product"}],"about":[{"href":"https:\/\/tatuape.hostguiase.com.br\/ciano\/wp-json\/wp\/v2\/types\/product"}],"wp:featuredmedia":[{"embeddable":true,"href":"https:\/\/tatuape.hostguiase.com.br\/ciano\/wp-json\/wp\/v2\/media\/233"}],"wp:attachment":[{"href":"https:\/\/tatuape.hostguiase.com.br\/ciano\/wp-json\/wp\/v2\/media?parent=230"}],"wp:term":[{"taxonomy":"product_cat","embeddable":true,"href":"https:\/\/tatuape.hostguiase.com.br\/ciano\/wp-json\/wp\/v2\/product_cat?post=230"},{"taxonomy":"product_tag","embeddable":true,"href":"https:\/\/tatuape.hostguiase.com.br\/ciano\/wp-json\/wp\/v2\/product_tag?post=230"}],"curies":[{"name":"wp","href":"https:\/\/api.w.org\/{rel}","templated":true}]}}