{"id":238,"date":"2023-04-30T20:50:52","date_gmt":"2023-04-30T20:50:52","guid":{"rendered":"http:\/\/tatuape.hostguiase.com.br\/ciano\/?post_type=product&#038;p=238"},"modified":"2023-05-01T19:16:21","modified_gmt":"2023-05-01T19:16:21","slug":"destiladores-de-nitrogenio","status":"publish","type":"product","link":"https:\/\/tatuape.hostguiase.com.br\/ciano\/produto\/destiladores-de-nitrogenio\/","title":{"rendered":"Destiladores de Nitrog\u00eanio"},"content":{"rendered":"<p>Desenvolvido para entregar um alt\u00edssimo n\u00edvel de desempenho de destila\u00e7\u00e3o, mantendo um alto ritmo de an\u00e1lises com exatid\u00e3o nos resultados.<\/p>\n<p><strong>ESPECIFICA\u00c7\u00d5ES T\u00c9CNICAS:<\/strong><\/p>\n<ul>\n<li>Sensor de n\u00edvel com desligamento autom\u00e1tico no caso de faltar \u00e1gua na caldeira.<\/li>\n<li>Resist\u00eancia Tubular de fio em N\u00edquel-cromo isolada com mica e blindada em a\u00e7o inox.<\/li>\n<li>Controle el\u00e9trico eletr\u00f4nico.<\/li>\n<li>Dispositivo de seguran\u00e7a para visualiza\u00e7\u00e3o de n\u00edvel da caldeira com protetor em acr\u00edlico de na parte frontal.<\/li>\n<li>Caldeira: Em vidro borossilicato embutida com enchimento semi-autom\u00e1tico.<\/li>\n<li>Conex\u00e3o tipo Kjeldahl c\/ corpo dosador e v\u00e1lvula stop-flow em vidro borossilicato.<\/li>\n<li>Possui dois fus\u00edveis para prote\u00e7\u00e3o do controlador de temperatura e sistema eletr\u00f4nico.<\/li>\n<li>Corpo em a\u00e7o inox 304 polido L=290 x P= 300 A= 770 mm.<\/li>\n<li>Capacidade 18ml\/min.<\/li>\n<li>Pot\u00eancia: 1500 Watts.<\/li>\n<li>Tens\u00e3o: 220 volts.<\/li>\n<\/ul>\n<p>ACOMPANHA: 1 tubo micro de 25 x 250 mm com orla em vidro borossilicato. Manual de instru\u00e7\u00f5es com Termo de garantia e 2 fus\u00edveis extra.<\/p>\n<ul>\n<li style=\"list-style-type: none;\"><\/li>\n<\/ul>\n","protected":false},"excerpt":{"rendered":"<p>Desenvolvido para entregar um alt\u00edssimo n\u00edvel de desempenho de destila\u00e7\u00e3o, mantendo um alto ritmo de an\u00e1lises com exatid\u00e3o nos resultados.<\/p>\n<p>ACOMPANHA: 1 tubo micro de 25 x 250 mm com orla em vidro borossilicato. Manual de instru\u00e7\u00f5es com Termo de garantia e 2 fus\u00edveis extra.<\/p>\n","protected":false},"featured_media":239,"template":"","meta":[],"product_cat":[25],"product_tag":[37,38,39,34,40,41,36,35,42,43,44],"class_list":{"0":"post-238","1":"product","2":"type-product","3":"status-publish","4":"has-post-thumbnail","5":"hentry","6":"product_cat-destiladores","7":"product_tag-agitadores","8":"product_tag-destiladores","9":"product_tag-durometro","10":"product_tag-engenharia-de-equipamentos","11":"product_tag-espectro","12":"product_tag-exaustor","13":"product_tag-laboratorios-fisicos","14":"product_tag-laboratorios-quimicos","15":"product_tag-medidor-de-ph","16":"product_tag-vidrarias","17":"product_tag-viscosimetro","19":"entry","20":"has-media","21":"owp-thumbs-layout-horizontal","22":"owp-btn-normal","23":"owp-tabs-layout-horizontal"},"_links":{"self":[{"href":"https:\/\/tatuape.hostguiase.com.br\/ciano\/wp-json\/wp\/v3\/product\/238","targetHints":{"allow":["GET"]}}],"collection":[{"href":"https:\/\/tatuape.hostguiase.com.br\/ciano\/wp-json\/wp\/v3\/product"}],"about":[{"href":"https:\/\/tatuape.hostguiase.com.br\/ciano\/wp-json\/wp\/v2\/types\/product"}],"wp:featuredmedia":[{"embeddable":true,"href":"https:\/\/tatuape.hostguiase.com.br\/ciano\/wp-json\/wp\/v2\/media\/239"}],"wp:attachment":[{"href":"https:\/\/tatuape.hostguiase.com.br\/ciano\/wp-json\/wp\/v2\/media?parent=238"}],"wp:term":[{"taxonomy":"product_cat","embeddable":true,"href":"https:\/\/tatuape.hostguiase.com.br\/ciano\/wp-json\/wp\/v2\/product_cat?post=238"},{"taxonomy":"product_tag","embeddable":true,"href":"https:\/\/tatuape.hostguiase.com.br\/ciano\/wp-json\/wp\/v2\/product_tag?post=238"}],"curies":[{"name":"wp","href":"https:\/\/api.w.org\/{rel}","templated":true}]}}