{"id":245,"date":"2023-04-30T21:02:50","date_gmt":"2023-04-30T21:02:50","guid":{"rendered":"http:\/\/tatuape.hostguiase.com.br\/ciano\/?post_type=product&#038;p=245"},"modified":"2023-05-01T19:19:43","modified_gmt":"2023-05-01T19:19:43","slug":"destilador-de-agua-tipo-pilsen-ct-in-10lh","status":"publish","type":"product","link":"https:\/\/tatuape.hostguiase.com.br\/ciano\/produto\/destilador-de-agua-tipo-pilsen-ct-in-10lh\/","title":{"rendered":"Destilador de \u00c1gua tipo Pilsen CT-IN 10LH"},"content":{"rendered":"<p>Equipamento projetado para entregar alto desempenho com longo tempo de ciclo de trabalho produzindo condutividades abaixo de 5 us\/cm considerando entrada de at\u00e9 300 us\/cm.<\/p>\n<p><strong>ESPECIFICA\u00c7\u00d5ES T\u00c9CNICAS:<\/strong><\/p>\n<ul>\n<li>Condutividade entre 1,0 e 5,0 us\/cm (considerando entrada de\u00a0at\u00e9\u00a0300\u00a0us\/cm).<\/li>\n<li>Caldeira em a\u00e7o inox 304.<\/li>\n<li>Condensador e coletor em a\u00e7o inox 304.<\/li>\n<li>Resist\u00eancia Tubular selada.<\/li>\n<li>Tampa da caldeira de f\u00e1cil remo\u00e7\u00e3o para limpeza.<\/li>\n<li>Produ\u00e7\u00e3o de 10 L\/h.<\/li>\n<li>Cabos bem dimensionados com dupla isola\u00e7\u00e3o.<\/li>\n<li>Suporte para fixa\u00e7\u00e3o em parede.<\/li>\n<li>Sensores para evitar superaquecimento.<\/li>\n<li>Sensor de fluxo de \u00e1gua.<\/li>\n<li>Possui disjuntor para prote\u00e7\u00e3o da resist\u00eancia.<\/li>\n<li>Caixa de comando em a\u00e7o inox 304<\/li>\n<li>Pot\u00eancia: 7000 Watts.<\/li>\n<li>Tens\u00e3o: 220 volts.<\/li>\n<\/ul>\n","protected":false},"excerpt":{"rendered":"<p>Equipamento projetado para entregar alto desempenho com longo tempo de ciclo de trabalho produzindo condutividades abaixo de 5 us\/cm considerando entrada de at\u00e9 300 us\/cm.<\/p>\n","protected":false},"featured_media":243,"template":"","meta":[],"product_cat":[25],"product_tag":[37,38,39,34,40,41,36,35,42,43,44],"class_list":{"0":"post-245","1":"product","2":"type-product","3":"status-publish","4":"has-post-thumbnail","5":"hentry","6":"product_cat-destiladores","7":"product_tag-agitadores","8":"product_tag-destiladores","9":"product_tag-durometro","10":"product_tag-engenharia-de-equipamentos","11":"product_tag-espectro","12":"product_tag-exaustor","13":"product_tag-laboratorios-fisicos","14":"product_tag-laboratorios-quimicos","15":"product_tag-medidor-de-ph","16":"product_tag-vidrarias","17":"product_tag-viscosimetro","19":"entry","20":"has-media","21":"owp-thumbs-layout-horizontal","22":"owp-btn-normal","23":"owp-tabs-layout-horizontal"},"_links":{"self":[{"href":"https:\/\/tatuape.hostguiase.com.br\/ciano\/wp-json\/wp\/v3\/product\/245","targetHints":{"allow":["GET"]}}],"collection":[{"href":"https:\/\/tatuape.hostguiase.com.br\/ciano\/wp-json\/wp\/v3\/product"}],"about":[{"href":"https:\/\/tatuape.hostguiase.com.br\/ciano\/wp-json\/wp\/v2\/types\/product"}],"wp:featuredmedia":[{"embeddable":true,"href":"https:\/\/tatuape.hostguiase.com.br\/ciano\/wp-json\/wp\/v2\/media\/243"}],"wp:attachment":[{"href":"https:\/\/tatuape.hostguiase.com.br\/ciano\/wp-json\/wp\/v2\/media?parent=245"}],"wp:term":[{"taxonomy":"product_cat","embeddable":true,"href":"https:\/\/tatuape.hostguiase.com.br\/ciano\/wp-json\/wp\/v2\/product_cat?post=245"},{"taxonomy":"product_tag","embeddable":true,"href":"https:\/\/tatuape.hostguiase.com.br\/ciano\/wp-json\/wp\/v2\/product_tag?post=245"}],"curies":[{"name":"wp","href":"https:\/\/api.w.org\/{rel}","templated":true}]}}