{"id":246,"date":"2023-04-30T21:05:34","date_gmt":"2023-04-30T21:05:34","guid":{"rendered":"http:\/\/tatuape.hostguiase.com.br\/ciano\/?post_type=product&#038;p=246"},"modified":"2023-05-01T19:23:11","modified_gmt":"2023-05-01T19:23:11","slug":"espectrofotometro-digital-faixa-visivel-de-325nm-a-1000nm-e-largura-de-banda-de-4nm","status":"publish","type":"product","link":"https:\/\/tatuape.hostguiase.com.br\/ciano\/produto\/espectrofotometro-digital-faixa-visivel-de-325nm-a-1000nm-e-largura-de-banda-de-4nm\/","title":{"rendered":"Espectrofot\u00f4metro Digital Faixa Vis\u00edvel de 325nm a 1000nm e Largura De Banda De 4nm"},"content":{"rendered":"<p>Equipamento ideal para medir a dureza de fertilizantes, comprimidos, ra\u00e7\u00f5es, entre outros gr\u00e3os.<\/p>\n<p><strong>ESPECIFICA\u00c7\u00d5ES T\u00c9CNICAS:<\/strong><\/p>\n<ul>\n<li>Gabinete em a\u00e7o carbono com pintura ep\u00f3xi.<\/li>\n<li>Alimenta\u00e7\u00e3o de 85 a 250 Vca (Fonte Autom\u00e1tica).<\/li>\n<li>Eixo de esmagamento com a\u00e7\u00e3o macia e cont\u00ednua.<\/li>\n<li>Capacidade: 20kg.<\/li>\n<li>Configura\u00e7\u00e3o de zero autom\u00e1tico.<\/li>\n<\/ul>\n","protected":false},"excerpt":{"rendered":"<p>Equipamento ideal para medir a dureza de fertilizantes, comprimidos, ra\u00e7\u00f5es, entre outros gr\u00e3os.<\/p>\n","protected":false},"featured_media":253,"template":"","meta":[],"product_cat":[26],"product_tag":[37,38,39,34,40,41,36,35,42,43,44],"class_list":{"0":"post-246","1":"product","2":"type-product","3":"status-publish","4":"has-post-thumbnail","5":"hentry","6":"product_cat-durometro","7":"product_tag-agitadores","8":"product_tag-destiladores","9":"product_tag-durometro","10":"product_tag-engenharia-de-equipamentos","11":"product_tag-espectro","12":"product_tag-exaustor","13":"product_tag-laboratorios-fisicos","14":"product_tag-laboratorios-quimicos","15":"product_tag-medidor-de-ph","16":"product_tag-vidrarias","17":"product_tag-viscosimetro","19":"entry","20":"has-media","21":"owp-thumbs-layout-horizontal","22":"owp-btn-normal","23":"owp-tabs-layout-horizontal","24":"has-no-thumbnails"},"_links":{"self":[{"href":"https:\/\/tatuape.hostguiase.com.br\/ciano\/wp-json\/wp\/v3\/product\/246","targetHints":{"allow":["GET"]}}],"collection":[{"href":"https:\/\/tatuape.hostguiase.com.br\/ciano\/wp-json\/wp\/v3\/product"}],"about":[{"href":"https:\/\/tatuape.hostguiase.com.br\/ciano\/wp-json\/wp\/v2\/types\/product"}],"wp:featuredmedia":[{"embeddable":true,"href":"https:\/\/tatuape.hostguiase.com.br\/ciano\/wp-json\/wp\/v2\/media\/253"}],"wp:attachment":[{"href":"https:\/\/tatuape.hostguiase.com.br\/ciano\/wp-json\/wp\/v2\/media?parent=246"}],"wp:term":[{"taxonomy":"product_cat","embeddable":true,"href":"https:\/\/tatuape.hostguiase.com.br\/ciano\/wp-json\/wp\/v2\/product_cat?post=246"},{"taxonomy":"product_tag","embeddable":true,"href":"https:\/\/tatuape.hostguiase.com.br\/ciano\/wp-json\/wp\/v2\/product_tag?post=246"}],"curies":[{"name":"wp","href":"https:\/\/api.w.org\/{rel}","templated":true}]}}