{"id":269,"date":"2023-04-30T21:10:18","date_gmt":"2023-04-30T21:10:18","guid":{"rendered":"http:\/\/tatuape.hostguiase.com.br\/ciano\/?post_type=product&#038;p=269"},"modified":"2023-05-03T18:29:29","modified_gmt":"2023-05-03T18:29:29","slug":"espectrofotometro-digital-faixa-visivel-de-325nm-a-1000nm-e-largura-de-banda-de-4nm-2","status":"publish","type":"product","link":"https:\/\/tatuape.hostguiase.com.br\/ciano\/produto\/espectrofotometro-digital-faixa-visivel-de-325nm-a-1000nm-e-largura-de-banda-de-4nm-2\/","title":{"rendered":"Espectrofot\u00f4metro Digital Faixa Vis\u00edvel De 325nm A 1000nm E Largura De Banda De 4nm"},"content":{"rendered":"<p>Equipamento utilizado para trabalhos em absorb\u00e2ncia, transmit\u00e2ncia, concentra\u00e7\u00e3o direta e fator de concentra\u00e7\u00e3o. Modelo com opera\u00e7\u00e3o intuitiva, pr\u00f3prio para an\u00e1lises r\u00e1pidas nas \u00e1reas de qu\u00edmica, f\u00edsica, bioqu\u00edmica e biologia molecular.<\/p>\n<p><strong>ESPECIFICA\u00c7\u00d5ES T\u00c9CNICAS:<\/strong><\/p>\n<p>O espectrofot\u00f4metro Cianotec CT-226-NM possui um monocromador com flash hologr\u00e1fico em grade que permite precis\u00e3o em variados comprimentos de onda.<\/p>\n<p>Possibilidade de leituras em transmit\u00e2ncia, absorb\u00e2ncia e concentra\u00e7\u00e3o, 0%T \u2013 100%T diretamente no equipamento; Display em LED; Compartimento de amostra grande, podendo acomodar cubetas de 5 a 100mm* de caminho \u00f3tico.\u00a0*Suporte at\u00e9 100mm (opcional).<\/p>\n<p>ACOMPANHA O EQUIPAMENTO:<\/p>\n<ul>\n<li>1 Cabo de energia;<\/li>\n<li>1 Fus\u00edvel;<\/li>\n<li>4 Cubetas de vidro;<\/li>\n<li>1 Suporte para 4 cubetas de 10 mm;<\/li>\n<li>1 CD do software;<\/li>\n<li>1 Cabo USB;<\/li>\n<li>1 Manual de instru\u00e7\u00f5es em portugu\u00eas.<\/li>\n<li style=\"list-style-type: none;\"><\/li>\n<\/ul>\n","protected":false},"excerpt":{"rendered":"<p>Equipamento utilizado para trabalhos em absorb\u00e2ncia, transmit\u00e2ncia, concentra\u00e7\u00e3o direta e fator de concentra\u00e7\u00e3o. Modelo com opera\u00e7\u00e3o intuitiva, pr\u00f3prio para an\u00e1lises r\u00e1pidas nas \u00e1reas de qu\u00edmica, f\u00edsica, bioqu\u00edmica e biologia molecular.<\/p>\n<p>ACOMPANHA O EQUIPAMENTO:<\/p>\n<ul>\n<li>1 Cabo de energia;<\/li>\n<li>1 Fus\u00edvel;<\/li>\n<li>4 Cubetas de vidro;<\/li>\n<li>1 Suporte para 4 cubetas de 10 mm;<\/li>\n<li>1 CD do software;<\/li>\n<li>1 Cabo USB;<\/li>\n<li>1 Manual de instru\u00e7\u00f5es em portugu\u00eas.<\/li>\n<\/ul>\n","protected":false},"featured_media":533,"template":"","meta":[],"product_cat":[27],"product_tag":[37,38,39,34,40,41,36,35,42,43,44],"class_list":{"0":"post-269","1":"product","2":"type-product","3":"status-publish","4":"has-post-thumbnail","5":"hentry","6":"product_cat-espectros","7":"product_tag-agitadores","8":"product_tag-destiladores","9":"product_tag-durometro","10":"product_tag-engenharia-de-equipamentos","11":"product_tag-espectro","12":"product_tag-exaustor","13":"product_tag-laboratorios-fisicos","14":"product_tag-laboratorios-quimicos","15":"product_tag-medidor-de-ph","16":"product_tag-vidrarias","17":"product_tag-viscosimetro","19":"entry","20":"has-media","21":"owp-thumbs-layout-horizontal","22":"owp-btn-normal","23":"owp-tabs-layout-horizontal"},"_links":{"self":[{"href":"https:\/\/tatuape.hostguiase.com.br\/ciano\/wp-json\/wp\/v3\/product\/269","targetHints":{"allow":["GET"]}}],"collection":[{"href":"https:\/\/tatuape.hostguiase.com.br\/ciano\/wp-json\/wp\/v3\/product"}],"about":[{"href":"https:\/\/tatuape.hostguiase.com.br\/ciano\/wp-json\/wp\/v2\/types\/product"}],"wp:featuredmedia":[{"embeddable":true,"href":"https:\/\/tatuape.hostguiase.com.br\/ciano\/wp-json\/wp\/v2\/media\/533"}],"wp:attachment":[{"href":"https:\/\/tatuape.hostguiase.com.br\/ciano\/wp-json\/wp\/v2\/media?parent=269"}],"wp:term":[{"taxonomy":"product_cat","embeddable":true,"href":"https:\/\/tatuape.hostguiase.com.br\/ciano\/wp-json\/wp\/v2\/product_cat?post=269"},{"taxonomy":"product_tag","embeddable":true,"href":"https:\/\/tatuape.hostguiase.com.br\/ciano\/wp-json\/wp\/v2\/product_tag?post=269"}],"curies":[{"name":"wp","href":"https:\/\/api.w.org\/{rel}","templated":true}]}}