{"id":290,"date":"2023-04-30T21:20:35","date_gmt":"2023-04-30T21:20:35","guid":{"rendered":"http:\/\/tatuape.hostguiase.com.br\/ciano\/?post_type=product&#038;p=290"},"modified":"2023-05-02T22:56:33","modified_gmt":"2023-05-02T22:56:33","slug":"espectrofotometro-nwt-3050","status":"publish","type":"product","link":"https:\/\/tatuape.hostguiase.com.br\/ciano\/produto\/espectrofotometro-nwt-3050\/","title":{"rendered":"Espectrofot\u00f4metro NWT 3050"},"content":{"rendered":"<p>Modelo de simples utiliza\u00e7\u00e3o e avan\u00e7ada performance. Possibilidade do uso do software com fun\u00e7\u00f5es de fotometria, testes quantitativos, cin\u00e9tica e fun\u00e7\u00f5es de utilidades e varredura.<\/p>\n<p><strong>ESPECIFICA\u00c7\u00d5ES T\u00c9CNICAS:<\/strong><\/p>\n<p>Espectrofot\u00f4metro, marca NWT Tecnologia Micronal, ref. AJX-3050<\/p>\n<ul>\n<li>Faixa espectral: 190-1100nm.<\/li>\n<li>Largura da banda: 2nm.<\/li>\n<li>Display: 7 polegadas touch screen.<\/li>\n<li>Sistema \u00f3tico: 1200 linhas\/mm.<\/li>\n<li>Exatid\u00e3o de comprimento de onda: \u00b1 1nm.<\/li>\n<li>Repetibilidade de comprimento de onda: \u2264 0.5nm.<\/li>\n<li>Sele\u00e7\u00e3o de comprimento de onda: autom\u00e1tica.<\/li>\n<li>Exatid\u00e3o fotom\u00e9trica: = \u00b1 0,3%t, \u00b1 0.002 abs (0-0.5a), \u00b1 0.004 abs (0.5-1\u00aa).<\/li>\n<li>Faixa de medi\u00e7\u00e3o fotom\u00e9trica: 0.0-200.0%t, -0,301-4000a, 0.000-9999c.<\/li>\n<li>Luz esp\u00faria: = \u2264 0,01%t em 220nm nal, 360nm nano2.<\/li>\n<li>Detector: fotoc\u00e9lula sil\u00edcio.<\/li>\n<li>R\u00faido: = 100% (t) ru\u00eddo \u2264 0.5% (t), 0% (t) ru\u00eddo \u2264 0.2%.<\/li>\n<li>Velocidade da digitaliza\u00e7\u00e3o: \u00a0r\u00e1pido, m\u00e9dio e lento.<\/li>\n<li>Compartimento de amostras: compartimento para 4 cubetas 10mm.<\/li>\n<li>L\u00e2mpadas: deut\u00e9rio e halog\u00eanio.<\/li>\n<li>Sa\u00edda de dados: entrada usb.<\/li>\n<li>Voltagem: ac220v\u00b122v \/ 180w.<\/li>\n<li>Frequ\u00eancia : 50\u00b11 hz.<\/li>\n<li>Dimens\u00f5es (cxpxa): 540x440x300 0.071m\u00b3.<\/li>\n<li>Peso: 18kg.<\/li>\n<\/ul>\n<p>&nbsp;<\/p>\n<p><strong>ACESS\u00d3RIOS:<\/strong><\/p>\n<p>Manual do usu\u00e1rio.<br \/>\n2 cubetas de quartzo de 10mm.<br \/>\nCabo de for\u00e7a.<\/p>\n<p><strong>ACESS\u00d3RIOS OPCIONAIS:<\/strong><\/p>\n<p>Impressora t\u00e9rmica interna.<br \/>\nSuporte para cubeta de 50 mm.<br \/>\nUV win8 software.<\/p>\n<ul>\n<li style=\"list-style-type: none;\"><\/li>\n<\/ul>\n","protected":false},"excerpt":{"rendered":"<p>Modelo de simples utiliza\u00e7\u00e3o e avan\u00e7ada performance. Possibilidade do uso do software com fun\u00e7\u00f5es de fotometria, testes quantitativos, cin\u00e9tica e fun\u00e7\u00f5es de utilidades e varredura.<\/p>\n<p>Espectrofot\u00f4metro, marca NWT Tecnologia Micronal, ref. AJX-3050<\/p>\n","protected":false},"featured_media":502,"template":"","meta":[],"product_cat":[27],"product_tag":[37,38,39,34,40,41,36,35,42,43,44],"class_list":{"0":"post-290","1":"product","2":"type-product","3":"status-publish","4":"has-post-thumbnail","5":"hentry","6":"product_cat-espectros","7":"product_tag-agitadores","8":"product_tag-destiladores","9":"product_tag-durometro","10":"product_tag-engenharia-de-equipamentos","11":"product_tag-espectro","12":"product_tag-exaustor","13":"product_tag-laboratorios-fisicos","14":"product_tag-laboratorios-quimicos","15":"product_tag-medidor-de-ph","16":"product_tag-vidrarias","17":"product_tag-viscosimetro","19":"entry","20":"has-media","21":"owp-thumbs-layout-horizontal","22":"owp-btn-normal","23":"owp-tabs-layout-horizontal","24":"has-no-thumbnails"},"_links":{"self":[{"href":"https:\/\/tatuape.hostguiase.com.br\/ciano\/wp-json\/wp\/v3\/product\/290","targetHints":{"allow":["GET"]}}],"collection":[{"href":"https:\/\/tatuape.hostguiase.com.br\/ciano\/wp-json\/wp\/v3\/product"}],"about":[{"href":"https:\/\/tatuape.hostguiase.com.br\/ciano\/wp-json\/wp\/v2\/types\/product"}],"wp:featuredmedia":[{"embeddable":true,"href":"https:\/\/tatuape.hostguiase.com.br\/ciano\/wp-json\/wp\/v2\/media\/502"}],"wp:attachment":[{"href":"https:\/\/tatuape.hostguiase.com.br\/ciano\/wp-json\/wp\/v2\/media?parent=290"}],"wp:term":[{"taxonomy":"product_cat","embeddable":true,"href":"https:\/\/tatuape.hostguiase.com.br\/ciano\/wp-json\/wp\/v2\/product_cat?post=290"},{"taxonomy":"product_tag","embeddable":true,"href":"https:\/\/tatuape.hostguiase.com.br\/ciano\/wp-json\/wp\/v2\/product_tag?post=290"}],"curies":[{"name":"wp","href":"https:\/\/api.w.org\/{rel}","templated":true}]}}