{"id":362,"date":"2023-05-01T19:30:54","date_gmt":"2023-05-01T19:30:54","guid":{"rendered":"http:\/\/tatuape.hostguiase.com.br\/ciano\/?post_type=product&#038;p=362"},"modified":"2023-05-01T19:33:39","modified_gmt":"2023-05-01T19:33:39","slug":"exaustor-para-laboratorio","status":"publish","type":"product","link":"https:\/\/tatuape.hostguiase.com.br\/ciano\/produto\/exaustor-para-laboratorio\/","title":{"rendered":"Exaustor Para Laborat\u00f3rio"},"content":{"rendered":"<ul>\n<li style=\"list-style-type: none;\">O exaustor para laborat\u00f3rio, cria um sistema de circula\u00e7\u00e3o e renova\u00e7\u00e3o do ar evitando riscos de explos\u00f5es que fazem parte da rotina de trabalho desenvolvida em laborat\u00f3rios das ind\u00fastrias farmac\u00eauticas, qu\u00edmicas e cosm\u00e9ticas. O equipamento possui tamb\u00e9m a capacidade de tornar o ambiente mais seguro e confort\u00e1vel para os colaboradores reduzindo a libera\u00e7\u00e3o de gases e part\u00edculas prejudiciais \u00e0 sa\u00fade.\n<p><strong>ESPECIFICA\u00c7\u00d5ES T\u00c9CNICAS:<\/strong><\/p>\n<ul>\n<li>Toda parte de exaust\u00e3o\u00a0100% em a\u00e7o inox.<\/li>\n<li>Motores (Weg) blindados\u00a0de alta e baixa rota\u00e7\u00e3o.<\/li>\n<li>Sistema balanceado com\u00a0baixo ru\u00eddo.<\/li>\n<li>Alto fluxo de ar.<\/li>\n<li>Em alta rota\u00e7\u00e3o\u00a0suporta at\u00e9 4 pontos de exaust\u00e3o.<\/li>\n<li>Opcional: controle de velocidade com inversor de frequ\u00eancia.<\/li>\n<\/ul>\n<\/li>\n<\/ul>\n","protected":false},"excerpt":{"rendered":"<p>O exaustor para laborat\u00f3rio, cria um sistema de circula\u00e7\u00e3o e renova\u00e7\u00e3o do ar evitando riscos de\u00a0explos\u00f5es que\u00a0fazem parte da rotina de trabalho desenvolvida em laborat\u00f3rios das ind\u00fastrias farmac\u00eauticas, qu\u00edmicas e cosm\u00e9ticas. O equipamento possui tamb\u00e9m a capacidade de tornar o ambiente mais seguro e confort\u00e1vel para os colaboradores reduzindo a libera\u00e7\u00e3o de gases e part\u00edculas prejudiciais \u00e0 sa\u00fade.<\/p>\n<p>&nbsp;<\/p>\n","protected":false},"featured_media":363,"template":"","meta":[],"product_cat":[28],"product_tag":[37,38,39,34,40,41,36,35,42,43,44],"class_list":{"0":"post-362","1":"product","2":"type-product","3":"status-publish","4":"has-post-thumbnail","5":"hentry","6":"product_cat-exaustor","7":"product_tag-agitadores","8":"product_tag-destiladores","9":"product_tag-durometro","10":"product_tag-engenharia-de-equipamentos","11":"product_tag-espectro","12":"product_tag-exaustor","13":"product_tag-laboratorios-fisicos","14":"product_tag-laboratorios-quimicos","15":"product_tag-medidor-de-ph","16":"product_tag-vidrarias","17":"product_tag-viscosimetro","19":"entry","20":"has-media","21":"owp-thumbs-layout-horizontal","22":"owp-btn-normal","23":"owp-tabs-layout-horizontal","24":"has-no-thumbnails"},"_links":{"self":[{"href":"https:\/\/tatuape.hostguiase.com.br\/ciano\/wp-json\/wp\/v3\/product\/362","targetHints":{"allow":["GET"]}}],"collection":[{"href":"https:\/\/tatuape.hostguiase.com.br\/ciano\/wp-json\/wp\/v3\/product"}],"about":[{"href":"https:\/\/tatuape.hostguiase.com.br\/ciano\/wp-json\/wp\/v2\/types\/product"}],"wp:featuredmedia":[{"embeddable":true,"href":"https:\/\/tatuape.hostguiase.com.br\/ciano\/wp-json\/wp\/v2\/media\/363"}],"wp:attachment":[{"href":"https:\/\/tatuape.hostguiase.com.br\/ciano\/wp-json\/wp\/v2\/media?parent=362"}],"wp:term":[{"taxonomy":"product_cat","embeddable":true,"href":"https:\/\/tatuape.hostguiase.com.br\/ciano\/wp-json\/wp\/v2\/product_cat?post=362"},{"taxonomy":"product_tag","embeddable":true,"href":"https:\/\/tatuape.hostguiase.com.br\/ciano\/wp-json\/wp\/v2\/product_tag?post=362"}],"curies":[{"name":"wp","href":"https:\/\/api.w.org\/{rel}","templated":true}]}}