{"id":364,"date":"2023-05-01T19:34:35","date_gmt":"2023-05-01T19:34:35","guid":{"rendered":"http:\/\/tatuape.hostguiase.com.br\/ciano\/?post_type=product&#038;p=364"},"modified":"2023-05-01T19:37:45","modified_gmt":"2023-05-01T19:37:45","slug":"phmetro-de-bancada-mpa-210","status":"publish","type":"product","link":"https:\/\/tatuape.hostguiase.com.br\/ciano\/produto\/phmetro-de-bancada-mpa-210\/","title":{"rendered":"Phmetro De Bancada \u2013 MPA-210"},"content":{"rendered":"<ul>\n<li style=\"list-style-type: none;\">Exatid\u00e3o e simplicidade em um aparelho completo.\u00a0Totalmente microprocessado, mede pH\/mV\/ORP e temperatura trabalhando com todos os tipos de eletrodo, inclusive de \u00e1lcool.\n<p><strong>ESPECIFICA\u00c7\u00d5ES T\u00c9CNICAS:<\/strong><\/p>\n<ul>\n<li>Sensor de temperatura individual em a\u00e7o inox, podendo-se usar o equipamento como term\u00f4metro.<\/li>\n<li>Display alfanum\u00e9rico fornece mensagens que guiam o usu\u00e1rio e impedem erros de utiliza\u00e7\u00e3o.<\/li>\n<li>Verifica defeitos no eletrodo, sensor de temperatura e nas solu\u00e7\u00f5es tamp\u00e3o, informando em caso de problemas.<\/li>\n<li>Mostra simultaneamente o pH e temperatura da solu\u00e7\u00e3o.<\/li>\n<li>Indicador de leitura est\u00e1vel, mostra quando j\u00e1 se pode tomar a leitura.<\/li>\n<li>Compensa\u00e7\u00e3o de temperatura autom\u00e1tica ou manual.<\/li>\n<li>Gabinete em ABS, evita corros\u00e3o.<\/li>\n<li>Suporte individual p\/ eletrodo e sensor de temperatura.<\/li>\n<\/ul>\n<p>Calibra\u00e7\u00e3o autom\u00e1tica, aceita v\u00e1rios tipos de tamp\u00f5es<\/li>\n<\/ul>\n","protected":false},"excerpt":{"rendered":"<p>Exatid\u00e3o e simplicidade em um aparelho completo.\u00a0Totalmente microprocessado, mede pH\/mV\/ORP e temperatura trabalhando com todos os tipos de eletrodo, inclusive de \u00e1lcool.<\/p>\n<p>&nbsp;<\/p>\n","protected":false},"featured_media":365,"template":"","meta":[],"product_cat":[29],"product_tag":[37,38,39,34,40,41,36,35,42,43,44],"class_list":{"0":"post-364","1":"product","2":"type-product","3":"status-publish","4":"has-post-thumbnail","5":"hentry","6":"product_cat-medidor-de-ph","7":"product_tag-agitadores","8":"product_tag-destiladores","9":"product_tag-durometro","10":"product_tag-engenharia-de-equipamentos","11":"product_tag-espectro","12":"product_tag-exaustor","13":"product_tag-laboratorios-fisicos","14":"product_tag-laboratorios-quimicos","15":"product_tag-medidor-de-ph","16":"product_tag-vidrarias","17":"product_tag-viscosimetro","19":"entry","20":"has-media","21":"owp-thumbs-layout-horizontal","22":"owp-btn-normal","23":"owp-tabs-layout-horizontal","24":"has-no-thumbnails"},"_links":{"self":[{"href":"https:\/\/tatuape.hostguiase.com.br\/ciano\/wp-json\/wp\/v3\/product\/364","targetHints":{"allow":["GET"]}}],"collection":[{"href":"https:\/\/tatuape.hostguiase.com.br\/ciano\/wp-json\/wp\/v3\/product"}],"about":[{"href":"https:\/\/tatuape.hostguiase.com.br\/ciano\/wp-json\/wp\/v2\/types\/product"}],"wp:featuredmedia":[{"embeddable":true,"href":"https:\/\/tatuape.hostguiase.com.br\/ciano\/wp-json\/wp\/v2\/media\/365"}],"wp:attachment":[{"href":"https:\/\/tatuape.hostguiase.com.br\/ciano\/wp-json\/wp\/v2\/media?parent=364"}],"wp:term":[{"taxonomy":"product_cat","embeddable":true,"href":"https:\/\/tatuape.hostguiase.com.br\/ciano\/wp-json\/wp\/v2\/product_cat?post=364"},{"taxonomy":"product_tag","embeddable":true,"href":"https:\/\/tatuape.hostguiase.com.br\/ciano\/wp-json\/wp\/v2\/product_tag?post=364"}],"curies":[{"name":"wp","href":"https:\/\/api.w.org\/{rel}","templated":true}]}}