{"id":366,"date":"2023-05-01T19:38:19","date_gmt":"2023-05-01T19:38:19","guid":{"rendered":"http:\/\/tatuape.hostguiase.com.br\/ciano\/?post_type=product&#038;p=366"},"modified":"2023-05-01T19:41:33","modified_gmt":"2023-05-01T19:41:33","slug":"quarteador-para-amostras-tipo-johnes-2","status":"publish","type":"product","link":"https:\/\/tatuape.hostguiase.com.br\/ciano\/produto\/quarteador-para-amostras-tipo-johnes-2\/","title":{"rendered":"Quarteador para Amostras Tipo Johnes"},"content":{"rendered":"<ul>\n<li style=\"list-style-type: none;\">O Quarteador para amostras Tipo Johnes\u00a0 \u00e9 utilizado para quartear gr\u00e3os, reduzindo a amostra de forma representativa e homog\u00eanea.\n<p><strong>ESPECIFICA\u00c7\u00d5ES T\u00c9CNICAS:<\/strong><\/p>\n<p>Os quarteadores de amostra Cianotec, foram desenvolvidos para obter o melhor resultado na prepara\u00e7\u00e3o de amostras, reduzindo a an\u00e1lise de forma representativa e homog\u00eanea.<\/p>\n<p>Constru\u00eddo todo em a\u00e7o inox 304, com chapas refor\u00e7adas e acabamento fino.<\/p>\n<p>DISPON\u00cdVEL NAS MEDIDAS:<\/p>\n<ul>\n<li>8 canais com 13 mm de abertura;<\/li>\n<li>8 canais com 16 mm de abertura;<\/li>\n<li>8 canais com 25 mm de abertura;<\/li>\n<li>16 canais com 13 mm de abertura;<\/li>\n<li>16 canais com 25 mm de abertura.<\/li>\n<\/ul>\n<\/li>\n<\/ul>\n","protected":false},"excerpt":{"rendered":"<ul>\n<li style=\"list-style-type: none;\">O Quarteador para amostras Tipo Johnes\u00a0 \u00e9 utilizado para quartear gr\u00e3os, reduzindo a amostra de forma representativa e homog\u00eanea.\n<p>Os quarteadores de amostra Cianotec, foram desenvolvidos para obter o melhor resultado na prepara\u00e7\u00e3o de amostras, reduzindo a an\u00e1lise de forma representativa e homog\u00eanea.<\/p>\n<p>Constru\u00eddo todo em a\u00e7o inox 304, com chapas refor\u00e7adas e acabamento fino.<\/li>\n<\/ul>\n<p>&nbsp;<\/p>\n","protected":false},"featured_media":367,"template":"","meta":[],"product_cat":[30],"product_tag":[37,38,39,34,40,41,36,35,42,43,44],"class_list":{"0":"post-366","1":"product","2":"type-product","3":"status-publish","4":"has-post-thumbnail","5":"hentry","6":"product_cat-preparacao-de-amostras","7":"product_tag-agitadores","8":"product_tag-destiladores","9":"product_tag-durometro","10":"product_tag-engenharia-de-equipamentos","11":"product_tag-espectro","12":"product_tag-exaustor","13":"product_tag-laboratorios-fisicos","14":"product_tag-laboratorios-quimicos","15":"product_tag-medidor-de-ph","16":"product_tag-vidrarias","17":"product_tag-viscosimetro","19":"entry","20":"has-media","21":"owp-thumbs-layout-horizontal","22":"owp-btn-normal","23":"owp-tabs-layout-horizontal","24":"has-no-thumbnails"},"_links":{"self":[{"href":"https:\/\/tatuape.hostguiase.com.br\/ciano\/wp-json\/wp\/v3\/product\/366","targetHints":{"allow":["GET"]}}],"collection":[{"href":"https:\/\/tatuape.hostguiase.com.br\/ciano\/wp-json\/wp\/v3\/product"}],"about":[{"href":"https:\/\/tatuape.hostguiase.com.br\/ciano\/wp-json\/wp\/v2\/types\/product"}],"wp:featuredmedia":[{"embeddable":true,"href":"https:\/\/tatuape.hostguiase.com.br\/ciano\/wp-json\/wp\/v2\/media\/367"}],"wp:attachment":[{"href":"https:\/\/tatuape.hostguiase.com.br\/ciano\/wp-json\/wp\/v2\/media?parent=366"}],"wp:term":[{"taxonomy":"product_cat","embeddable":true,"href":"https:\/\/tatuape.hostguiase.com.br\/ciano\/wp-json\/wp\/v2\/product_cat?post=366"},{"taxonomy":"product_tag","embeddable":true,"href":"https:\/\/tatuape.hostguiase.com.br\/ciano\/wp-json\/wp\/v2\/product_tag?post=366"}],"curies":[{"name":"wp","href":"https:\/\/api.w.org\/{rel}","templated":true}]}}