{"id":368,"date":"2023-05-01T19:41:43","date_gmt":"2023-05-01T19:41:43","guid":{"rendered":"http:\/\/tatuape.hostguiase.com.br\/ciano\/?post_type=product&#038;p=368"},"modified":"2023-05-01T20:09:02","modified_gmt":"2023-05-01T20:09:02","slug":"sonda-calador-para-graos","status":"publish","type":"product","link":"https:\/\/tatuape.hostguiase.com.br\/ciano\/produto\/sonda-calador-para-graos\/","title":{"rendered":"Sonda Calador para Gr\u00e3os"},"content":{"rendered":"<p>Sonda Calador para Gr\u00e3os \u00e9 ideal para amostragem de fertilizantes e gr\u00e3os, a sonda para amostragem de gr\u00e3os da Cianotec segue todas as medidas da normativa 53 MAPA<\/p>\n<p><strong>ESPECIFICA\u00c7\u00d5ES T\u00c9CNICAS:<\/strong><\/p>\n<ul>\n<li style=\"list-style-type: none;\">\n<ul>\n<li>Constru\u00edda em pvc de alta qualidade ou inox 304.<\/li>\n<li>Possui 6 furos de 50 x 20 mm.<\/li>\n<li>Distanciamento entre os furos de 50 mm.<\/li>\n<li>Ponta c\u00f4nica maci\u00e7a e solida.<\/li>\n<li>Cabo recartilhado para melhor ader\u00eancia do operador.<\/li>\n<li>Abertura do sistema por rosca.<\/li>\n<\/ul>\n<\/li>\n<\/ul>\n","protected":false},"excerpt":{"rendered":"<p>Sonda Calador para Gr\u00e3os \u00e9 ideal para amostragem de fertilizantes e gr\u00e3os, a sonda para amostragem de gr\u00e3os da Cianotec segue todas as medidas da normativa 53 MAPA<\/p>\n<p>&nbsp;<\/p>\n","protected":false},"featured_media":373,"template":"","meta":[],"product_cat":[31],"product_tag":[37,38,39,34,40,41,36,35,42,43,44],"class_list":{"0":"post-368","1":"product","2":"type-product","3":"status-publish","4":"has-post-thumbnail","5":"hentry","6":"product_cat-sondas-e-coletores","7":"product_tag-agitadores","8":"product_tag-destiladores","9":"product_tag-durometro","10":"product_tag-engenharia-de-equipamentos","11":"product_tag-espectro","12":"product_tag-exaustor","13":"product_tag-laboratorios-fisicos","14":"product_tag-laboratorios-quimicos","15":"product_tag-medidor-de-ph","16":"product_tag-vidrarias","17":"product_tag-viscosimetro","19":"entry","20":"has-media","21":"owp-thumbs-layout-horizontal","22":"owp-btn-normal","23":"owp-tabs-layout-horizontal"},"_links":{"self":[{"href":"https:\/\/tatuape.hostguiase.com.br\/ciano\/wp-json\/wp\/v3\/product\/368","targetHints":{"allow":["GET"]}}],"collection":[{"href":"https:\/\/tatuape.hostguiase.com.br\/ciano\/wp-json\/wp\/v3\/product"}],"about":[{"href":"https:\/\/tatuape.hostguiase.com.br\/ciano\/wp-json\/wp\/v2\/types\/product"}],"wp:featuredmedia":[{"embeddable":true,"href":"https:\/\/tatuape.hostguiase.com.br\/ciano\/wp-json\/wp\/v2\/media\/373"}],"wp:attachment":[{"href":"https:\/\/tatuape.hostguiase.com.br\/ciano\/wp-json\/wp\/v2\/media?parent=368"}],"wp:term":[{"taxonomy":"product_cat","embeddable":true,"href":"https:\/\/tatuape.hostguiase.com.br\/ciano\/wp-json\/wp\/v2\/product_cat?post=368"},{"taxonomy":"product_tag","embeddable":true,"href":"https:\/\/tatuape.hostguiase.com.br\/ciano\/wp-json\/wp\/v2\/product_tag?post=368"}],"curies":[{"name":"wp","href":"https:\/\/api.w.org\/{rel}","templated":true}]}}