{"id":391,"date":"2023-05-02T12:34:18","date_gmt":"2023-05-02T12:34:18","guid":{"rendered":"http:\/\/tatuape.hostguiase.com.br\/ciano\/?post_type=product&#038;p=391"},"modified":"2023-05-03T18:32:41","modified_gmt":"2023-05-03T18:32:41","slug":"viscosimetro-copo-ford-em-aco-inox-completo","status":"publish","type":"product","link":"https:\/\/tatuape.hostguiase.com.br\/ciano\/produto\/viscosimetro-copo-ford-em-aco-inox-completo\/","title":{"rendered":"Viscos\u00edmetro Copo Ford Em A\u00e7o Inox Completo"},"content":{"rendered":"<ul>\n<li>Viscos\u00edmetro tipo copo ford com 7 orif\u00edcio.<\/li>\n<li>Fabricado conforme a norma ASTM D1200 e NBR 5849.<\/li>\n<li>Trip\u00e9 e Sapatas niveladoras em inox 304.<\/li>\n<li>N\u00edvel bolha circular com L\u00e2mina de vidro.<\/li>\n<li>Jogo de orif\u00edcios intercambi\u00e1veis: 02, 03, 04, 05, 06 e 08.<\/li>\n<li>As contas s\u00e3o feitas pelo facilitador para c\u00e1lculo da viscosidade cinem\u00e1tica.<\/li>\n<\/ul>\n<ul>\n<li style=\"list-style-type: none;\"><\/li>\n<\/ul>\n","protected":false},"excerpt":{"rendered":"<ul>\n<li>Viscos\u00edmetro tipo copo ford com 7 orif\u00edcio.<\/li>\n<li>Fabricado conforme a norma ASTM D1200 e NBR 5849.<\/li>\n<li>Trip\u00e9 e Sapatas niveladoras em inox 304.<\/li>\n<li>N\u00edvel bolha circular com L\u00e2mina de vidro.<\/li>\n<li>Jogo de orif\u00edcios intercambi\u00e1veis: 02, 03, 04, 05, 06 e 08.<\/li>\n<li>As contas s\u00e3o feitas pelo facilitador para c\u00e1lculo da viscosidade cinem\u00e1tica.<\/li>\n<\/ul>\n","protected":false},"featured_media":540,"template":"","meta":[],"product_cat":[33],"product_tag":[37,38,39,34,40,41,36,35,42,43,44],"class_list":{"0":"post-391","1":"product","2":"type-product","3":"status-publish","4":"has-post-thumbnail","5":"hentry","6":"product_cat-viscosimetro","7":"product_tag-agitadores","8":"product_tag-destiladores","9":"product_tag-durometro","10":"product_tag-engenharia-de-equipamentos","11":"product_tag-espectro","12":"product_tag-exaustor","13":"product_tag-laboratorios-fisicos","14":"product_tag-laboratorios-quimicos","15":"product_tag-medidor-de-ph","16":"product_tag-vidrarias","17":"product_tag-viscosimetro","19":"entry","20":"has-media","21":"owp-thumbs-layout-horizontal","22":"owp-btn-normal","23":"owp-tabs-layout-horizontal"},"_links":{"self":[{"href":"https:\/\/tatuape.hostguiase.com.br\/ciano\/wp-json\/wp\/v3\/product\/391","targetHints":{"allow":["GET"]}}],"collection":[{"href":"https:\/\/tatuape.hostguiase.com.br\/ciano\/wp-json\/wp\/v3\/product"}],"about":[{"href":"https:\/\/tatuape.hostguiase.com.br\/ciano\/wp-json\/wp\/v2\/types\/product"}],"wp:featuredmedia":[{"embeddable":true,"href":"https:\/\/tatuape.hostguiase.com.br\/ciano\/wp-json\/wp\/v2\/media\/540"}],"wp:attachment":[{"href":"https:\/\/tatuape.hostguiase.com.br\/ciano\/wp-json\/wp\/v2\/media?parent=391"}],"wp:term":[{"taxonomy":"product_cat","embeddable":true,"href":"https:\/\/tatuape.hostguiase.com.br\/ciano\/wp-json\/wp\/v2\/product_cat?post=391"},{"taxonomy":"product_tag","embeddable":true,"href":"https:\/\/tatuape.hostguiase.com.br\/ciano\/wp-json\/wp\/v2\/product_tag?post=391"}],"curies":[{"name":"wp","href":"https:\/\/api.w.org\/{rel}","templated":true}]}}