{"id":1272,"date":"2023-01-26T14:45:58","date_gmt":"2023-01-26T14:45:58","guid":{"rendered":"https:\/\/tatuape.hostguiase.com.br\/vinho\/?post_type=product&#038;p=1272"},"modified":"2023-01-26T14:56:39","modified_gmt":"2023-01-26T14:56:39","slug":"vinho-churchills-meio-queijo-branco-douro-750ml","status":"publish","type":"product","link":"https:\/\/tatuape.hostguiase.com.br\/vinho\/produto\/vinho-churchills-meio-queijo-branco-douro-750ml\/","title":{"rendered":"Vinho  Churchill&#8217;s Meio Queijo Branco Douro &#8211; 750ml"},"content":{"rendered":"<p>A <strong>Ler e Vinhos<\/strong> traz para voc\u00ea o Branco Portugu\u00eas\u00a0 Churchill&#8217;s Meio Queijo.<\/p>\n<p>Com aromas de frutas tropicais, como Kiwi, casca de laranja, hortel\u00ea e hort\u00eansias. Em boca, mostra extraordin\u00e1rio frescor, acidez v\u00edvida e mineralidade marcante.<\/p>\n<p>&nbsp;<\/p>\n<p><strong>Harmoniza\u00e7\u00e3o: <\/strong>harmoniza super bem com queijos suaves e frutos do mar.<\/p>\n<p>&nbsp;<\/p>\n<p>A VENDA DE BEBIDAS ALCO\u00d3LICAS \u00c9 PROIBIDA PARA MENORES DE 18 ANOS. BEBA COM MODERA\u00c7\u00c3O.<\/p>\n","protected":false},"excerpt":{"rendered":"<p>A Ler e Vinhos traz para voc\u00ea o Branco Portugu\u00eas\u00a0 Churchill&#8217;s Meio Queijo. Com aromas de frutas tropicais, como Kiwi, casca de laranja, hortel\u00ea e hort\u00eansias. Em boca, mostra extraordin\u00e1rio frescor, acidez v\u00edvida e mineralidade marcante. &nbsp; Harmoniza\u00e7\u00e3o: harmoniza super bem com queijos suaves e frutos do mar. &nbsp; A VENDA DE BEBIDAS ALCO\u00d3LICAS \u00c9 [&hellip;]<\/p>\n","protected":false},"featured_media":790,"comment_status":"open","ping_status":"closed","template":"","meta":[],"product_cat":[61,55,23],"product_tag":[38,43,42,36,39,37,41,40,35],"class_list":["post-1272","product","type-product","status-publish","has-post-thumbnail","hentry","product_cat-blend","product_cat-portugal","product_cat-vinho-branco","product_tag-espumantes","product_tag-vinho-cabernet-sauvignon","product_tag-vinho-malbec","product_tag-vinhos-brancos","product_tag-vinhos-do-porto","product_tag-vinhos-roses","product_tag-vinhos-secos","product_tag-vinhos-suaves","product_tag-vinhos-tintos"],"_links":{"self":[{"href":"https:\/\/tatuape.hostguiase.com.br\/vinho\/wp-json\/wp\/v2\/product\/1272","targetHints":{"allow":["GET"]}}],"collection":[{"href":"https:\/\/tatuape.hostguiase.com.br\/vinho\/wp-json\/wp\/v2\/product"}],"about":[{"href":"https:\/\/tatuape.hostguiase.com.br\/vinho\/wp-json\/wp\/v2\/types\/product"}],"replies":[{"embeddable":true,"href":"https:\/\/tatuape.hostguiase.com.br\/vinho\/wp-json\/wp\/v2\/comments?post=1272"}],"wp:featuredmedia":[{"embeddable":true,"href":"https:\/\/tatuape.hostguiase.com.br\/vinho\/wp-json\/wp\/v2\/media\/790"}],"wp:attachment":[{"href":"https:\/\/tatuape.hostguiase.com.br\/vinho\/wp-json\/wp\/v2\/media?parent=1272"}],"wp:term":[{"taxonomy":"product_cat","embeddable":true,"href":"https:\/\/tatuape.hostguiase.com.br\/vinho\/wp-json\/wp\/v2\/product_cat?post=1272"},{"taxonomy":"product_tag","embeddable":true,"href":"https:\/\/tatuape.hostguiase.com.br\/vinho\/wp-json\/wp\/v2\/product_tag?post=1272"}],"curies":[{"name":"wp","href":"https:\/\/api.w.org\/{rel}","templated":true}]}}