{"id":1273,"date":"2023-01-26T14:59:29","date_gmt":"2023-01-26T14:59:29","guid":{"rendered":"https:\/\/tatuape.hostguiase.com.br\/vinho\/?post_type=product&#038;p=1273"},"modified":"2023-01-26T15:20:50","modified_gmt":"2023-01-26T15:20:50","slug":"vinho-branco-italiano-torrevilla-la-genisia-pinot-grigio-750ml","status":"publish","type":"product","link":"https:\/\/tatuape.hostguiase.com.br\/vinho\/produto\/vinho-branco-italiano-torrevilla-la-genisia-pinot-grigio-750ml\/","title":{"rendered":"Vinho Branco Italiano Torrevilla \u201cLa Genisia\u201d Pinot Grigio &#8211; 750ml"},"content":{"rendered":"<p>A <strong>Ler e Vinhos<\/strong> traz para voc\u00ea\u00a0 o\u00a0 Ros\u00e9 Italiano Torrevilla &#8216;La Genisia&#8221;. Este Pinot Grigio \u00e9 um delicioso vinho perfumado, leve e refrescante.\u00a0 Com aromas de cereja preta e framboesa e nuances minerais. Em boca, exibe frescor, uma boa acidez e um leve amargor. \u00c9 bem equilibrado e macio.<\/p>\n<p>A hist\u00f3ria de Torrevilla come\u00e7a em 12 de maio de 1907 com a escritura que sanciona oficialmente o nascimento da vin\u00edcola Torrazza Coste.<\/p>\n<p>Torrevilla representa a mais aut\u00eantica zona vitivin\u00edcola de Oltrep\u00f2 Pavese, uma \u00e1rea da prov\u00edncia de Pavia, na regi\u00e3o noroeste da Lombardia, na It\u00e1lia.<\/p>\n<p>&nbsp;<\/p>\n<p><strong>Harmoniza\u00e7\u00e3o: <\/strong>Perfeito para acompanhas peixes, lula ao vinagrete e saladas gregas.<\/p>\n<p>&nbsp;<\/p>\n<p>A VENDA DE BEBIDAS ALCO\u00d3LICAS \u00c9 PROIBIDA PARA MENORES DE 18 ANOS. BEBA COM MODERA\u00c7\u00c3O.<\/p>\n","protected":false},"excerpt":{"rendered":"<p>A Ler e Vinhos traz para voc\u00ea\u00a0 o\u00a0 Ros\u00e9 Italiano Torrevilla &#8216;La Genisia&#8221;. Este Pinot Grigio \u00e9 um delicioso vinho perfumado, leve e refrescante.\u00a0 Com aromas de cereja preta e framboesa e nuances minerais. Em boca, exibe frescor, uma boa acidez e um leve amargor. \u00c9 bem equilibrado e macio. A hist\u00f3ria de Torrevilla come\u00e7a [&hellip;]<\/p>\n","protected":false},"featured_media":797,"comment_status":"open","ping_status":"closed","template":"","meta":[],"product_cat":[73,69,24],"product_tag":[38,43,42,36,39,37,41,40,35],"class_list":["post-1273","product","type-product","status-publish","has-post-thumbnail","hentry","product_cat-italia","product_cat-pinot-grigio","product_cat-vinho-rose","product_tag-espumantes","product_tag-vinho-cabernet-sauvignon","product_tag-vinho-malbec","product_tag-vinhos-brancos","product_tag-vinhos-do-porto","product_tag-vinhos-roses","product_tag-vinhos-secos","product_tag-vinhos-suaves","product_tag-vinhos-tintos"],"_links":{"self":[{"href":"https:\/\/tatuape.hostguiase.com.br\/vinho\/wp-json\/wp\/v2\/product\/1273","targetHints":{"allow":["GET"]}}],"collection":[{"href":"https:\/\/tatuape.hostguiase.com.br\/vinho\/wp-json\/wp\/v2\/product"}],"about":[{"href":"https:\/\/tatuape.hostguiase.com.br\/vinho\/wp-json\/wp\/v2\/types\/product"}],"replies":[{"embeddable":true,"href":"https:\/\/tatuape.hostguiase.com.br\/vinho\/wp-json\/wp\/v2\/comments?post=1273"}],"wp:featuredmedia":[{"embeddable":true,"href":"https:\/\/tatuape.hostguiase.com.br\/vinho\/wp-json\/wp\/v2\/media\/797"}],"wp:attachment":[{"href":"https:\/\/tatuape.hostguiase.com.br\/vinho\/wp-json\/wp\/v2\/media?parent=1273"}],"wp:term":[{"taxonomy":"product_cat","embeddable":true,"href":"https:\/\/tatuape.hostguiase.com.br\/vinho\/wp-json\/wp\/v2\/product_cat?post=1273"},{"taxonomy":"product_tag","embeddable":true,"href":"https:\/\/tatuape.hostguiase.com.br\/vinho\/wp-json\/wp\/v2\/product_tag?post=1273"}],"curies":[{"name":"wp","href":"https:\/\/api.w.org\/{rel}","templated":true}]}}