{"id":1277,"date":"2023-01-26T16:23:28","date_gmt":"2023-01-26T16:23:28","guid":{"rendered":"https:\/\/tatuape.hostguiase.com.br\/vinho\/?post_type=product&#038;p=1277"},"modified":"2023-01-26T16:40:00","modified_gmt":"2023-01-26T16:40:00","slug":"vinho-tinto-argentino-luna-malbec-finca-la-anita-750ml","status":"publish","type":"product","link":"https:\/\/tatuape.hostguiase.com.br\/vinho\/produto\/vinho-tinto-argentino-luna-malbec-finca-la-anita-750ml\/","title":{"rendered":"Vinho Tinto Argentino Luna Malbec Finca La Anita -750ml"},"content":{"rendered":"<p>A <strong>Ler e Vinhos<\/strong> traz para voc\u00ea\u00a0 o Tinto Argentino Luna\u00a0 Malbec. Com aromas\u00a0 de cassis, passas e mirtilo, com suaves notas herb\u00e1ceas e toques de baunilha e caramelo. Fermentado em tanques de a\u00e7o inoxid\u00e1vel, adicionando leveduras selecionadas. Fermenta\u00e7\u00e3o malol\u00e1ctica ocorre espontaneamente a temperatura controlada. Na boca \u00e9 complexo, frutado, bem estruturado e equilibrado, com taninos generosos e macios.<\/p>\n<p>&nbsp;<\/p>\n<p>Fundada em 1992 por Manuel Mas, um dos pioneiros da revolu\u00e7\u00e3o enol\u00f3gica argentina. Localizada no distrito de Agrelo, em Luj\u00e1n de Cuyo, cora\u00e7\u00e3o da zona vitivin\u00edcola de Mendoza. Vinhos potentes, de notas terrosas e muita fruta. Desde uma sele\u00e7\u00e3o delicada de uvas at\u00e9 sua colheita, atrav\u00e9s de uma cuidadosa poda, processamento e engarrafamento, e tudo o que este processo implica, controlamos cada etapa do processo de produ\u00e7\u00e3o que ocorre na Finca La Anita.<\/p>\n<p><strong>Harmoniza\u00e7\u00e3o: <\/strong>Carnes vermelhas assadas e queijos.<\/p>\n<p>&nbsp;<\/p>\n<p class=\"Corpo\"><span lang=\"pt\" xml:lang=\"pt\">\u00a0<\/span><\/p>\n<p class=\"Corpo\">A VENDA DE BEBIDAS ALCO\u00d3LICAS \u00c9 PROIBIDA PARA MENORES DE 18 ANOS. BEBA COM MODERA\u00c7\u00c3O.<\/p>\n","protected":false},"excerpt":{"rendered":"<p>A Ler e Vinhos traz para voc\u00ea\u00a0 o Tinto Argentino Luna\u00a0 Malbec. Com aromas\u00a0 de cassis, passas e mirtilo, com suaves notas herb\u00e1ceas e toques de baunilha e caramelo. Fermentado em tanques de a\u00e7o inoxid\u00e1vel, adicionando leveduras selecionadas. Fermenta\u00e7\u00e3o malol\u00e1ctica ocorre espontaneamente a temperatura controlada. Na boca \u00e9 complexo, frutado, bem estruturado e equilibrado, com [&hellip;]<\/p>\n","protected":false},"featured_media":788,"comment_status":"open","ping_status":"closed","template":"","meta":[],"product_cat":[72,49,46],"product_tag":[38,43,42,36,39,37,41,40,35],"class_list":["post-1277","product","type-product","status-publish","has-post-thumbnail","hentry","product_cat-malbec","product_cat-argentina","product_cat-vinho-tinto","product_tag-espumantes","product_tag-vinho-cabernet-sauvignon","product_tag-vinho-malbec","product_tag-vinhos-brancos","product_tag-vinhos-do-porto","product_tag-vinhos-roses","product_tag-vinhos-secos","product_tag-vinhos-suaves","product_tag-vinhos-tintos"],"_links":{"self":[{"href":"https:\/\/tatuape.hostguiase.com.br\/vinho\/wp-json\/wp\/v2\/product\/1277","targetHints":{"allow":["GET"]}}],"collection":[{"href":"https:\/\/tatuape.hostguiase.com.br\/vinho\/wp-json\/wp\/v2\/product"}],"about":[{"href":"https:\/\/tatuape.hostguiase.com.br\/vinho\/wp-json\/wp\/v2\/types\/product"}],"replies":[{"embeddable":true,"href":"https:\/\/tatuape.hostguiase.com.br\/vinho\/wp-json\/wp\/v2\/comments?post=1277"}],"wp:featuredmedia":[{"embeddable":true,"href":"https:\/\/tatuape.hostguiase.com.br\/vinho\/wp-json\/wp\/v2\/media\/788"}],"wp:attachment":[{"href":"https:\/\/tatuape.hostguiase.com.br\/vinho\/wp-json\/wp\/v2\/media?parent=1277"}],"wp:term":[{"taxonomy":"product_cat","embeddable":true,"href":"https:\/\/tatuape.hostguiase.com.br\/vinho\/wp-json\/wp\/v2\/product_cat?post=1277"},{"taxonomy":"product_tag","embeddable":true,"href":"https:\/\/tatuape.hostguiase.com.br\/vinho\/wp-json\/wp\/v2\/product_tag?post=1277"}],"curies":[{"name":"wp","href":"https:\/\/api.w.org\/{rel}","templated":true}]}}