{"id":1454,"date":"2023-02-03T13:34:01","date_gmt":"2023-02-03T13:34:01","guid":{"rendered":"https:\/\/tatuape.hostguiase.com.br\/vinho\/?post_type=product&#038;p=1454"},"modified":"2023-02-05T18:13:27","modified_gmt":"2023-02-05T18:13:27","slug":"espumante-moscatel-zanotto-brasileiro-750ml","status":"publish","type":"product","link":"https:\/\/tatuape.hostguiase.com.br\/vinho\/produto\/espumante-moscatel-zanotto-brasileiro-750ml\/","title":{"rendered":"Espumante Moscatel Zanotto Brasileiro &#8211; 750ml"},"content":{"rendered":"<p>A <strong>Ler e Vinhos<\/strong> traz para voc\u00ea a excelente qualidade do espumante brasileiro. Um moscatel branco da Zanotto. Esse vinho j\u00e1 \u00e9 o &#8220;queridinho&#8221; dos amantes de espumante leve e f\u00e1cil de beber. Bom para brindar. Delicioso para degustar. S\u00f3 uma sugest\u00e3o, garanta mais de uma garrafa, porque esse moscatel \u00e9 daqueles que voc\u00ea abre a garrafa e rapidamente j\u00e1 esvazia.<\/p>\n<p><strong>Harmoniza\u00e7\u00e3o: <\/strong>Espumante Moscatel Zanotto com o potente aroma frutado combina com uma bela salada bem sortida, petiscos leves a base de queijo e, claro, uma sobremesa. Afinal de contas o moscatel sempre &#8220;conversa&#8221; muito bem com um docinho.<\/p>\n<p>&nbsp;<\/p>\n<p>A VENDA DE BEBIDAS ALCO\u00d3LICAS \u00c9 PROIBIDA PARA MENORES DE 18 ANOS. BEBA COM MODERA\u00c7\u00c3O.<\/p>\n","protected":false},"excerpt":{"rendered":"<p>A Ler e Vinhos traz para voc\u00ea a excelente qualidade do espumante brasileiro. Um moscatel branco da Zanotto. Esse vinho j\u00e1 \u00e9 o &#8220;queridinho&#8221; dos amantes de espumante leve e f\u00e1cil de beber. Bom para brindar. Delicioso para degustar. S\u00f3 uma sugest\u00e3o, garanta mais de uma garrafa, porque esse moscatel \u00e9 daqueles que voc\u00ea abre [&hellip;]<\/p>\n","protected":false},"featured_media":1455,"comment_status":"open","ping_status":"closed","template":"","meta":[],"product_cat":[54,63,23],"product_tag":[38,43,42,36,39,37,41,40,35],"class_list":["post-1454","product","type-product","status-publish","has-post-thumbnail","hentry","product_cat-brasil","product_cat-moscatel","product_cat-vinho-branco","product_tag-espumantes","product_tag-vinho-cabernet-sauvignon","product_tag-vinho-malbec","product_tag-vinhos-brancos","product_tag-vinhos-do-porto","product_tag-vinhos-roses","product_tag-vinhos-secos","product_tag-vinhos-suaves","product_tag-vinhos-tintos"],"_links":{"self":[{"href":"https:\/\/tatuape.hostguiase.com.br\/vinho\/wp-json\/wp\/v2\/product\/1454","targetHints":{"allow":["GET"]}}],"collection":[{"href":"https:\/\/tatuape.hostguiase.com.br\/vinho\/wp-json\/wp\/v2\/product"}],"about":[{"href":"https:\/\/tatuape.hostguiase.com.br\/vinho\/wp-json\/wp\/v2\/types\/product"}],"replies":[{"embeddable":true,"href":"https:\/\/tatuape.hostguiase.com.br\/vinho\/wp-json\/wp\/v2\/comments?post=1454"}],"wp:featuredmedia":[{"embeddable":true,"href":"https:\/\/tatuape.hostguiase.com.br\/vinho\/wp-json\/wp\/v2\/media\/1455"}],"wp:attachment":[{"href":"https:\/\/tatuape.hostguiase.com.br\/vinho\/wp-json\/wp\/v2\/media?parent=1454"}],"wp:term":[{"taxonomy":"product_cat","embeddable":true,"href":"https:\/\/tatuape.hostguiase.com.br\/vinho\/wp-json\/wp\/v2\/product_cat?post=1454"},{"taxonomy":"product_tag","embeddable":true,"href":"https:\/\/tatuape.hostguiase.com.br\/vinho\/wp-json\/wp\/v2\/product_tag?post=1454"}],"curies":[{"name":"wp","href":"https:\/\/api.w.org\/{rel}","templated":true}]}}