{"id":228,"date":"2022-11-07T02:29:10","date_gmt":"2022-11-07T02:29:10","guid":{"rendered":"https:\/\/tatuape.hostguiase.com.br\/vinho\/?post_type=product&#038;p=228"},"modified":"2023-01-25T03:14:04","modified_gmt":"2023-01-25T03:14:04","slug":"falesia-damico-paolo","status":"publish","type":"product","link":"https:\/\/tatuape.hostguiase.com.br\/vinho\/produto\/falesia-damico-paolo\/","title":{"rendered":"Vinho Tinto Urugaio Lacertilia Tannat Braccobosca &#8211; 750ml"},"content":{"rendered":"<p>A <strong>Ler e Vinhos<\/strong> traz para voc\u00ea vinhos de alta qualidade e reconhecimento. Trazendo uma nova leitura dos vinhos do Uruguai, com eleg\u00e2ncia, equil\u00edbrio e complexidade.<\/p>\n<p><strong>Harmoniza\u00e7\u00e3o<\/strong><br \/>\nIdeal para acompanhar massas, carnes vermelhas e queijos.<\/p>\n<p>&nbsp;<\/p>\n<p>A BraccoBosca traz a bagagem de 5 gera\u00e7\u00f5es da fam\u00edlia ligada as vinhas. Natural do Piemonte, It\u00e1lia, a fam\u00edlia mudou-se para o Uruguai e se estabeleceu na regi\u00e3o de Atl\u00e2ntida para continuar a tradi\u00e7\u00e3o do vinho. Darwin Bracco e Mirtha Bosca que decidiram comprar a terra dos \u201cGallegos\u201d (como s\u00e3o chamadas os espanh\u00f3is no Uruguai). Em frente \u00e0 casa principal, os vinhedos que l\u00e1 existiam foram a base para a constru\u00e7\u00e3o da t\u00e3o desejada vin\u00edcola. Naquele exato lugar havia um Omb\u00fa, sozinho e magn\u00edfico.<\/p>\n<p>&nbsp;<\/p>\n<p>A VENDA DE BEBIDAS ALCO\u00d3LICAS \u00c9 PROIBIDA PARA MENORES DE 18 ANOS. BEBA COM MODERA\u00c7\u00c3O.<\/p>\n<p>&nbsp;<\/p>\n","protected":false},"excerpt":{"rendered":"<p>Sed ut perspiciatis unde omnis iste natus error sit voluptatem accusantium doloremque laudantium, totam rem aperiam, eaque ipsa quae ab illo inventore veritatis et quasi architecto beatae vitae dicta sunt explicabo.<\/p>\n","protected":false},"featured_media":629,"comment_status":"open","ping_status":"closed","template":"","meta":[],"product_cat":[70,50,46],"product_tag":[21,38,43,42,36,39,37,41,40,35],"class_list":["post-228","product","type-product","status-publish","has-post-thumbnail","hentry","product_cat-tannat","product_cat-uruguai","product_cat-vinho-tinto","product_tag-champagne","product_tag-espumantes","product_tag-vinho-cabernet-sauvignon","product_tag-vinho-malbec","product_tag-vinhos-brancos","product_tag-vinhos-do-porto","product_tag-vinhos-roses","product_tag-vinhos-secos","product_tag-vinhos-suaves","product_tag-vinhos-tintos"],"_links":{"self":[{"href":"https:\/\/tatuape.hostguiase.com.br\/vinho\/wp-json\/wp\/v2\/product\/228","targetHints":{"allow":["GET"]}}],"collection":[{"href":"https:\/\/tatuape.hostguiase.com.br\/vinho\/wp-json\/wp\/v2\/product"}],"about":[{"href":"https:\/\/tatuape.hostguiase.com.br\/vinho\/wp-json\/wp\/v2\/types\/product"}],"replies":[{"embeddable":true,"href":"https:\/\/tatuape.hostguiase.com.br\/vinho\/wp-json\/wp\/v2\/comments?post=228"}],"wp:featuredmedia":[{"embeddable":true,"href":"https:\/\/tatuape.hostguiase.com.br\/vinho\/wp-json\/wp\/v2\/media\/629"}],"wp:attachment":[{"href":"https:\/\/tatuape.hostguiase.com.br\/vinho\/wp-json\/wp\/v2\/media?parent=228"}],"wp:term":[{"taxonomy":"product_cat","embeddable":true,"href":"https:\/\/tatuape.hostguiase.com.br\/vinho\/wp-json\/wp\/v2\/product_cat?post=228"},{"taxonomy":"product_tag","embeddable":true,"href":"https:\/\/tatuape.hostguiase.com.br\/vinho\/wp-json\/wp\/v2\/product_tag?post=228"}],"curies":[{"name":"wp","href":"https:\/\/api.w.org\/{rel}","templated":true}]}}