{"id":632,"date":"2022-12-08T19:23:27","date_gmt":"2022-12-08T19:23:27","guid":{"rendered":"https:\/\/tatuape.hostguiase.com.br\/vinho\/?post_type=product&#038;p=632"},"modified":"2023-01-25T03:07:33","modified_gmt":"2023-01-25T03:07:33","slug":"vinho-tinto-argentino-susana-balbo-anubis-reserva-malbec-750ml","status":"publish","type":"product","link":"https:\/\/tatuape.hostguiase.com.br\/vinho\/produto\/vinho-tinto-argentino-susana-balbo-anubis-reserva-malbec-750ml\/","title":{"rendered":"Vinho Tinto Argentino Susana Balbo Anubis Reserva Malbec &#8211; 750ml"},"content":{"rendered":"<p>A <strong>Ler e Vinhos<\/strong> traz para voc\u00ea o Vinho tinto Argentino Anubis. Produzido pela Susana Balbo, a primeira en\u00f3loga mulher da Argentina e eleita v\u00e1rias vezes a mulher mais influente do mundo do vinhos.\u00a0 Seu nome \u00e9 uma homenagem ao Deus Eg\u00edpcio das Bebidas e Gastronomia. O vinho retrata a m\u00e1xima express\u00e3o de um Malbec ao natural.<\/p>\n<p>&nbsp;<\/p>\n<p><strong>Harmoniza\u00e7\u00e3o:\u00a0 <\/strong>Carnes, queijos e massas.<\/p>\n<p>&nbsp;<\/p>\n<p>A VENDA DE BEBIDAS ALCO\u00d3LICAS \u00c9 PROIBIDA PARA MENORES DE 18 ANOS. BEBA COM MODERA\u00c7\u00c3O.<\/p>\n","protected":false},"excerpt":{"rendered":"<p>A Ler e Vinhos traz para voc\u00ea o Vinho tinto Argentino Anubis. Produzido pela Susana Balbo, a primeira en\u00f3loga mulher da Argentina e eleita v\u00e1rias vezes a mulher mais influente do mundo do vinhos.\u00a0 Seu nome \u00e9 uma homenagem ao Deus Eg\u00edpcio das Bebidas e Gastronomia. O vinho retrata a m\u00e1xima express\u00e3o de um Malbec [&hellip;]<\/p>\n","protected":false},"featured_media":633,"comment_status":"open","ping_status":"closed","template":"","meta":[],"product_cat":[72,49,46],"product_tag":[38,43,42,36,39,37,41,40,35],"class_list":["post-632","product","type-product","status-publish","has-post-thumbnail","hentry","product_cat-malbec","product_cat-argentina","product_cat-vinho-tinto","product_tag-espumantes","product_tag-vinho-cabernet-sauvignon","product_tag-vinho-malbec","product_tag-vinhos-brancos","product_tag-vinhos-do-porto","product_tag-vinhos-roses","product_tag-vinhos-secos","product_tag-vinhos-suaves","product_tag-vinhos-tintos"],"_links":{"self":[{"href":"https:\/\/tatuape.hostguiase.com.br\/vinho\/wp-json\/wp\/v2\/product\/632","targetHints":{"allow":["GET"]}}],"collection":[{"href":"https:\/\/tatuape.hostguiase.com.br\/vinho\/wp-json\/wp\/v2\/product"}],"about":[{"href":"https:\/\/tatuape.hostguiase.com.br\/vinho\/wp-json\/wp\/v2\/types\/product"}],"replies":[{"embeddable":true,"href":"https:\/\/tatuape.hostguiase.com.br\/vinho\/wp-json\/wp\/v2\/comments?post=632"}],"wp:featuredmedia":[{"embeddable":true,"href":"https:\/\/tatuape.hostguiase.com.br\/vinho\/wp-json\/wp\/v2\/media\/633"}],"wp:attachment":[{"href":"https:\/\/tatuape.hostguiase.com.br\/vinho\/wp-json\/wp\/v2\/media?parent=632"}],"wp:term":[{"taxonomy":"product_cat","embeddable":true,"href":"https:\/\/tatuape.hostguiase.com.br\/vinho\/wp-json\/wp\/v2\/product_cat?post=632"},{"taxonomy":"product_tag","embeddable":true,"href":"https:\/\/tatuape.hostguiase.com.br\/vinho\/wp-json\/wp\/v2\/product_tag?post=632"}],"curies":[{"name":"wp","href":"https:\/\/api.w.org\/{rel}","templated":true}]}}