{"id":644,"date":"2022-12-08T20:23:35","date_gmt":"2022-12-08T20:23:35","guid":{"rendered":"https:\/\/tatuape.hostguiase.com.br\/vinho\/?post_type=product&#038;p=644"},"modified":"2023-01-25T03:06:58","modified_gmt":"2023-01-25T03:06:58","slug":"vinho-chileno-el-payador-cabernet-sauvignon-750ml","status":"publish","type":"product","link":"https:\/\/tatuape.hostguiase.com.br\/vinho\/produto\/vinho-chileno-el-payador-cabernet-sauvignon-750ml\/","title":{"rendered":"Vinho Chileno El Payador Cabernet Sauvignon &#8211; 750ml"},"content":{"rendered":"<p>A <strong>Ler e Vinhos<\/strong> traz para voc\u00ea o Vinho Tinto e Org\u00e2nico\u00a0 El Payador de origem Chilena.<\/p>\n<p>Este vinho recebe o nome deste personagem em homenagem \u00e0s tradi\u00e7\u00f5es, originadas no campo chileno. \u00c9 neste lugar onde s\u00e3o cultivadas as parreiras que nos entregam estes encantadores vinhos org\u00e2nicos, que procuram refletir e honrar sua origem e sua variedade em cada ta\u00e7a.<\/p>\n<p><strong>Harmoniza\u00e7\u00e3o<\/strong><\/p>\n<p>Harmoniza muito bem com paleta de cordeiro, carnes vermelhas assadas, queijos curados e molhos \u00e0 base de carne ou ca\u00e7a.<\/p>\n<p>&nbsp;<\/p>\n<p>No Chile, o Payador \u00e9 um personagem t\u00edpico do folclore chileno, que canta versos improvisados ao ritmo de seu viol\u00e3o.<\/p>\n<p>&nbsp;<\/p>\n<p>A VENDA DE BEBIDAS ALCO\u00d3LICAS \u00c9 PROIBIDA PARA MENORES DE 18 ANOS. BEBA COM MODERA\u00c7\u00c3O.<\/p>\n","protected":false},"excerpt":{"rendered":"<p>A Ler e Vinhos traz para voc\u00ea o Vinho Tinto e Org\u00e2nico\u00a0 El Payador de origem Chilena. Este vinho recebe o nome deste personagem em homenagem \u00e0s tradi\u00e7\u00f5es, originadas no campo chileno. \u00c9 neste lugar onde s\u00e3o cultivadas as parreiras que nos entregam estes encantadores vinhos org\u00e2nicos, que procuram refletir e honrar sua origem e [&hellip;]<\/p>\n","protected":false},"featured_media":645,"comment_status":"open","ping_status":"closed","template":"","meta":[],"product_cat":[59,51,46],"product_tag":[38,43,42,36,39,37,41,40,35],"class_list":["post-644","product","type-product","status-publish","has-post-thumbnail","hentry","product_cat-cabernet-sauvingnon","product_cat-chile","product_cat-vinho-tinto","product_tag-espumantes","product_tag-vinho-cabernet-sauvignon","product_tag-vinho-malbec","product_tag-vinhos-brancos","product_tag-vinhos-do-porto","product_tag-vinhos-roses","product_tag-vinhos-secos","product_tag-vinhos-suaves","product_tag-vinhos-tintos"],"_links":{"self":[{"href":"https:\/\/tatuape.hostguiase.com.br\/vinho\/wp-json\/wp\/v2\/product\/644","targetHints":{"allow":["GET"]}}],"collection":[{"href":"https:\/\/tatuape.hostguiase.com.br\/vinho\/wp-json\/wp\/v2\/product"}],"about":[{"href":"https:\/\/tatuape.hostguiase.com.br\/vinho\/wp-json\/wp\/v2\/types\/product"}],"replies":[{"embeddable":true,"href":"https:\/\/tatuape.hostguiase.com.br\/vinho\/wp-json\/wp\/v2\/comments?post=644"}],"wp:featuredmedia":[{"embeddable":true,"href":"https:\/\/tatuape.hostguiase.com.br\/vinho\/wp-json\/wp\/v2\/media\/645"}],"wp:attachment":[{"href":"https:\/\/tatuape.hostguiase.com.br\/vinho\/wp-json\/wp\/v2\/media?parent=644"}],"wp:term":[{"taxonomy":"product_cat","embeddable":true,"href":"https:\/\/tatuape.hostguiase.com.br\/vinho\/wp-json\/wp\/v2\/product_cat?post=644"},{"taxonomy":"product_tag","embeddable":true,"href":"https:\/\/tatuape.hostguiase.com.br\/vinho\/wp-json\/wp\/v2\/product_tag?post=644"}],"curies":[{"name":"wp","href":"https:\/\/api.w.org\/{rel}","templated":true}]}}