{"id":649,"date":"2023-01-06T21:14:21","date_gmt":"2023-01-06T21:14:21","guid":{"rendered":"https:\/\/tatuape.hostguiase.com.br\/vinho\/?post_type=product&#038;p=649"},"modified":"2023-01-25T03:02:29","modified_gmt":"2023-01-25T03:02:29","slug":"vinho-tinto-portugues-porta-6-750ml","status":"publish","type":"product","link":"https:\/\/tatuape.hostguiase.com.br\/vinho\/produto\/vinho-tinto-portugues-porta-6-750ml\/","title":{"rendered":"Vinho Tinto Portugu\u00eas Porta 6 &#8211; 750ml"},"content":{"rendered":"<p>A <strong>Ler e Vinhos<\/strong> traz para voc\u00ea\u00a0o vinho tinto Porta 6 que \u00e9 considerado um fen\u00f4meno portugu\u00eas que j\u00e1 vendeu mais de 30 mil unidades na Inglaterra em apenas um final de semana.<\/p>\n<p>Produzido pelas Caves Vidigal e feito com base em uvas Tintas Roriz, Castel\u00e3o e Touriga Nacional. Caracteriza-se por ser redondo, com uma acidez equilibrada e taninos sedosos.<\/p>\n<p>Seu r\u00f3tulo divertido foi desenvolvido por Hauke Vagt, um artista pl\u00e1stico que retrata uma cena fiel de Lisboa. Ant\u00f4nio Mendes Lopes, propriet\u00e1rio da vin\u00edcola, caprichou na produ\u00e7\u00e3o dessa linha que conta com tintos, brancos, verde, ros\u00e9 e espumantes<\/p>\n<p><strong>Harmoniza\u00e7\u00e3o:\u00a0 <\/strong>Ideal para acompanhar carnes vermelhas, massas com molhos e queijos.<\/p>\n<p>&nbsp;<\/p>\n<p>&nbsp;<\/p>\n<p>A VENDA DE BEBIDAS ALCO\u00d3LICAS \u00c9 PROIBIDA PARA MENORES DE 18 ANOS. BEBA COM MODERA\u00c7\u00c3O.<\/p>\n","protected":false},"excerpt":{"rendered":"<p>A Ler e Vinhos traz para voc\u00ea\u00a0o vinho tinto Porta 6 que \u00e9 considerado um fen\u00f4meno portugu\u00eas que j\u00e1 vendeu mais de 30 mil unidades na Inglaterra em apenas um final de semana. Produzido pelas Caves Vidigal e feito com base em uvas Tintas Roriz, Castel\u00e3o e Touriga Nacional. Caracteriza-se por ser redondo, com uma [&hellip;]<\/p>\n","protected":false},"featured_media":662,"comment_status":"open","ping_status":"closed","template":"","meta":[],"product_cat":[61,55,46],"product_tag":[],"class_list":["post-649","product","type-product","status-publish","has-post-thumbnail","hentry","product_cat-blend","product_cat-portugal","product_cat-vinho-tinto"],"_links":{"self":[{"href":"https:\/\/tatuape.hostguiase.com.br\/vinho\/wp-json\/wp\/v2\/product\/649","targetHints":{"allow":["GET"]}}],"collection":[{"href":"https:\/\/tatuape.hostguiase.com.br\/vinho\/wp-json\/wp\/v2\/product"}],"about":[{"href":"https:\/\/tatuape.hostguiase.com.br\/vinho\/wp-json\/wp\/v2\/types\/product"}],"replies":[{"embeddable":true,"href":"https:\/\/tatuape.hostguiase.com.br\/vinho\/wp-json\/wp\/v2\/comments?post=649"}],"wp:featuredmedia":[{"embeddable":true,"href":"https:\/\/tatuape.hostguiase.com.br\/vinho\/wp-json\/wp\/v2\/media\/662"}],"wp:attachment":[{"href":"https:\/\/tatuape.hostguiase.com.br\/vinho\/wp-json\/wp\/v2\/media?parent=649"}],"wp:term":[{"taxonomy":"product_cat","embeddable":true,"href":"https:\/\/tatuape.hostguiase.com.br\/vinho\/wp-json\/wp\/v2\/product_cat?post=649"},{"taxonomy":"product_tag","embeddable":true,"href":"https:\/\/tatuape.hostguiase.com.br\/vinho\/wp-json\/wp\/v2\/product_tag?post=649"}],"curies":[{"name":"wp","href":"https:\/\/api.w.org\/{rel}","templated":true}]}}