{"id":664,"date":"2023-01-06T21:14:43","date_gmt":"2023-01-06T21:14:43","guid":{"rendered":"https:\/\/tatuape.hostguiase.com.br\/vinho\/?post_type=product&#038;p=664"},"modified":"2023-01-24T23:52:26","modified_gmt":"2023-01-24T23:52:26","slug":"vinho-rose-portugues-porta-6-750ml","status":"publish","type":"product","link":"https:\/\/tatuape.hostguiase.com.br\/vinho\/produto\/vinho-rose-portugues-porta-6-750ml\/","title":{"rendered":"Vinho Ros\u00e9 Portugu\u00eas Porta 6 &#8211; 750ml"},"content":{"rendered":"<p>A <strong>Ler e Vinhos<\/strong> traz para Voc\u00ea o Vinho Ros\u00e9 Portugu\u00eas Porta 6.<\/p>\n<p>Seu r\u00f3tulo divertido foi desenvolvido por Hauke Vagt, um artista pl\u00e1stico que retrata uma cena fiel de Lisboa. Ant\u00f4nio Mendes Lopes, propriet\u00e1rio da vin\u00edcola, caprichou na produ\u00e7\u00e3o dessa linha que conta com tintos, brancos, verde, ros\u00e9 e espumantes.<\/p>\n<p>Recomendado pelo Chef James Martin do BBC\u2019s Saturday Kitchen, o Porta 6 \u00e9 um fen\u00f4meno portugu\u00eas que vendeu mais de 30 mil unidades na Inglaterra em apenas um final de semana. Al\u00e9m disso, faturou diversos pr\u00eamios.<\/p>\n<p>&nbsp;<\/p>\n<p><strong>Harmoniza\u00e7\u00e3o: <\/strong>\u00a0Frutos do mar, peixe fresco grelhado, carnes brancas ou como aperitivo<\/p>\n<p>&nbsp;<\/p>\n<p>&nbsp;<\/p>\n<p>&nbsp;<\/p>\n<p>A VENDA DE BEBIDAS ALCO\u00d3LICAS \u00c9 PROIBIDA PARA MENORES DE 18 ANOS. BEBA COM MODERA\u00c7\u00c3O.<\/p>\n","protected":false},"excerpt":{"rendered":"<p>A Ler e Vinhos traz para Voc\u00ea o Vinho Ros\u00e9 Portugu\u00eas Porta 6. Seu r\u00f3tulo divertido foi desenvolvido por Hauke Vagt, um artista pl\u00e1stico que retrata uma cena fiel de Lisboa. Ant\u00f4nio Mendes Lopes, propriet\u00e1rio da vin\u00edcola, caprichou na produ\u00e7\u00e3o dessa linha que conta com tintos, brancos, verde, ros\u00e9 e espumantes. Recomendado pelo Chef James [&hellip;]<\/p>\n","protected":false},"featured_media":661,"comment_status":"open","ping_status":"closed","template":"","meta":[],"product_cat":[55,24],"product_tag":[38,43,42,36,39,37,41,40,35],"class_list":["post-664","product","type-product","status-publish","has-post-thumbnail","hentry","product_cat-portugal","product_cat-vinho-rose","product_tag-espumantes","product_tag-vinho-cabernet-sauvignon","product_tag-vinho-malbec","product_tag-vinhos-brancos","product_tag-vinhos-do-porto","product_tag-vinhos-roses","product_tag-vinhos-secos","product_tag-vinhos-suaves","product_tag-vinhos-tintos"],"_links":{"self":[{"href":"https:\/\/tatuape.hostguiase.com.br\/vinho\/wp-json\/wp\/v2\/product\/664","targetHints":{"allow":["GET"]}}],"collection":[{"href":"https:\/\/tatuape.hostguiase.com.br\/vinho\/wp-json\/wp\/v2\/product"}],"about":[{"href":"https:\/\/tatuape.hostguiase.com.br\/vinho\/wp-json\/wp\/v2\/types\/product"}],"replies":[{"embeddable":true,"href":"https:\/\/tatuape.hostguiase.com.br\/vinho\/wp-json\/wp\/v2\/comments?post=664"}],"wp:featuredmedia":[{"embeddable":true,"href":"https:\/\/tatuape.hostguiase.com.br\/vinho\/wp-json\/wp\/v2\/media\/661"}],"wp:attachment":[{"href":"https:\/\/tatuape.hostguiase.com.br\/vinho\/wp-json\/wp\/v2\/media?parent=664"}],"wp:term":[{"taxonomy":"product_cat","embeddable":true,"href":"https:\/\/tatuape.hostguiase.com.br\/vinho\/wp-json\/wp\/v2\/product_cat?post=664"},{"taxonomy":"product_tag","embeddable":true,"href":"https:\/\/tatuape.hostguiase.com.br\/vinho\/wp-json\/wp\/v2\/product_tag?post=664"}],"curies":[{"name":"wp","href":"https:\/\/api.w.org\/{rel}","templated":true}]}}