{"id":665,"date":"2023-01-06T21:16:21","date_gmt":"2023-01-06T21:16:21","guid":{"rendered":"https:\/\/tatuape.hostguiase.com.br\/vinho\/?post_type=product&#038;p=665"},"modified":"2023-01-25T00:07:00","modified_gmt":"2023-01-25T00:07:00","slug":"vinho-tinto-portugues-julia-florista-750ml","status":"publish","type":"product","link":"https:\/\/tatuape.hostguiase.com.br\/vinho\/produto\/vinho-tinto-portugues-julia-florista-750ml\/","title":{"rendered":"Vinho Tinto Portugu\u00eas Julia Florista &#8211; 750ml"},"content":{"rendered":"<p>A <strong>Ler e Vinhos<\/strong> traz para voc\u00ea Vinho Julia Florista com notas arom\u00e1ticas frescas de frutas vermelha, especiarias e notas vegetais.Sua Colora\u00e7\u00e3o rubi brilhante apresenta corpo m\u00e9dio e acidez controlada.<\/p>\n<p>J\u00falia Florista (1883-1925): Florista e fadista espont\u00e2nea com uma natureza bairrista e festiva, cantava pelas ruas da velha Lisboa, em tascas e nas casas aristocr\u00e1ticas. Apesar da sua curta vida deixou-nos em heran\u00e7a o \u201cEsp\u00edrito do Fado\u201d gravado em 2 discos. O vinho \u00e9 uma homenagem aos amantes das boas hist\u00f3rias das gentes de Lisboa, que gostam da tradi\u00e7\u00e3o do fado e da vida bo\u00eamia noturna da cidade, algo que vale sempre a pena viver.<\/p>\n<p>&nbsp;<\/p>\n<p><strong>Harmoniza\u00e7\u00e3o: <\/strong>Ideal para acompanhar carnes vermelhas, pratos leves\u00a0 e queijos m\u00e9dios.<\/p>\n<p>&nbsp;<\/p>\n<p>A VENDA DE BEBIDAS ALCO\u00d3LICAS \u00c9 PROIBIDA PARA MENORES DE 18 ANOS. BEBA COM MODERA\u00c7\u00c3O.<\/p>\n","protected":false},"excerpt":{"rendered":"<p>A Ler e Vinhos traz para voc\u00ea Vinho Julia Florista com notas arom\u00e1ticas frescas de frutas vermelha, especiarias e notas vegetais.Sua Colora\u00e7\u00e3o rubi brilhante apresenta corpo m\u00e9dio e acidez controlada. J\u00falia Florista (1883-1925): Florista e fadista espont\u00e2nea com uma natureza bairrista e festiva, cantava pelas ruas da velha Lisboa, em tascas e nas casas aristocr\u00e1ticas. [&hellip;]<\/p>\n","protected":false},"featured_media":654,"comment_status":"open","ping_status":"closed","template":"","meta":[],"product_cat":[61,55,46],"product_tag":[38,43,42,36,39,37,41,40,35],"class_list":["post-665","product","type-product","status-publish","has-post-thumbnail","hentry","product_cat-blend","product_cat-portugal","product_cat-vinho-tinto","product_tag-espumantes","product_tag-vinho-cabernet-sauvignon","product_tag-vinho-malbec","product_tag-vinhos-brancos","product_tag-vinhos-do-porto","product_tag-vinhos-roses","product_tag-vinhos-secos","product_tag-vinhos-suaves","product_tag-vinhos-tintos"],"_links":{"self":[{"href":"https:\/\/tatuape.hostguiase.com.br\/vinho\/wp-json\/wp\/v2\/product\/665","targetHints":{"allow":["GET"]}}],"collection":[{"href":"https:\/\/tatuape.hostguiase.com.br\/vinho\/wp-json\/wp\/v2\/product"}],"about":[{"href":"https:\/\/tatuape.hostguiase.com.br\/vinho\/wp-json\/wp\/v2\/types\/product"}],"replies":[{"embeddable":true,"href":"https:\/\/tatuape.hostguiase.com.br\/vinho\/wp-json\/wp\/v2\/comments?post=665"}],"wp:featuredmedia":[{"embeddable":true,"href":"https:\/\/tatuape.hostguiase.com.br\/vinho\/wp-json\/wp\/v2\/media\/654"}],"wp:attachment":[{"href":"https:\/\/tatuape.hostguiase.com.br\/vinho\/wp-json\/wp\/v2\/media?parent=665"}],"wp:term":[{"taxonomy":"product_cat","embeddable":true,"href":"https:\/\/tatuape.hostguiase.com.br\/vinho\/wp-json\/wp\/v2\/product_cat?post=665"},{"taxonomy":"product_tag","embeddable":true,"href":"https:\/\/tatuape.hostguiase.com.br\/vinho\/wp-json\/wp\/v2\/product_tag?post=665"}],"curies":[{"name":"wp","href":"https:\/\/api.w.org\/{rel}","templated":true}]}}