{"id":674,"date":"2023-01-09T19:05:54","date_gmt":"2023-01-09T19:05:54","guid":{"rendered":"https:\/\/tatuape.hostguiase.com.br\/vinho\/?post_type=product&#038;p=674"},"modified":"2023-01-25T00:39:15","modified_gmt":"2023-01-25T00:39:15","slug":"vinho-tinto-chileno-cabernet-sauvingnon-picaron-750ml-copia","status":"publish","type":"product","link":"https:\/\/tatuape.hostguiase.com.br\/vinho\/produto\/vinho-tinto-chileno-cabernet-sauvingnon-picaron-750ml-copia\/","title":{"rendered":"Vinho Tinto Chileno Carmen\u00e9re Picar\u00f3n &#8211; 750ml"},"content":{"rendered":"<p>A <strong>Ler e Vinhos<\/strong> traz para voc\u00ea Tinto Chileno Carmen\u00e9re Picar\u00f3n.\u00a0Vinho seco e macio, com aromas \u00e0 amora, ameixa e compota de cedro. Na boca, deixa notas ligeiramente picantes e picantes. Na boca apresentam taninos finos com um paladar bem equilibrado com um final agrad\u00e1vel e persistente.<\/p>\n<p>&nbsp;<\/p>\n<p>A hist\u00f3ria da Vi\u00f1a Aresti tem in\u00edcio em 1951 quando Don Vicente Aresti Astica adquire o Fundo Bellavista no Vale do Curic\u00f3, setor com longa tradi\u00e7\u00e3o vitivin\u00edcola, onde come\u00e7a uma paix\u00e3o de fam\u00edlia pela produ\u00e7\u00e3o de vinhos de excel\u00eancia. Hoje suas filhas Bego\u00f1a e Ana Mar\u00eda Aresti L\u00f3pez d\u00e3o continuidade ao seu legado.<\/p>\n<p>&nbsp;<\/p>\n<p><strong>Harmoniza\u00e7\u00e3o: <\/strong>Carnes vermelhas grelhadas, massas com molhos \u00e0 base de tomates frescos, risotos de funghi e queijos amarelos.<\/p>\n<p>&nbsp;<\/p>\n<p>A VENDA DE BEBIDAS ALCO\u00d3LICAS \u00c9 PROIBIDA PARA MENORES DE 18 ANOS. BEBA COM MODERA\u00c7\u00c3O.<\/p>\n","protected":false},"excerpt":{"rendered":"<p>A Ler e Vinhos traz para voc\u00ea Tinto Chileno Carmen\u00e9re Picar\u00f3n.\u00a0Vinho seco e macio, com aromas \u00e0 amora, ameixa e compota de cedro. Na boca, deixa notas ligeiramente picantes e picantes. Na boca apresentam taninos finos com um paladar bem equilibrado com um final agrad\u00e1vel e persistente. &nbsp; A hist\u00f3ria da Vi\u00f1a Aresti tem in\u00edcio [&hellip;]<\/p>\n","protected":false},"featured_media":673,"comment_status":"open","ping_status":"closed","template":"","meta":[],"product_cat":[60,51,46],"product_tag":[38,43,42,36,39,37,41,40,35],"class_list":["post-674","product","type-product","status-publish","has-post-thumbnail","hentry","product_cat-camenere","product_cat-chile","product_cat-vinho-tinto","product_tag-espumantes","product_tag-vinho-cabernet-sauvignon","product_tag-vinho-malbec","product_tag-vinhos-brancos","product_tag-vinhos-do-porto","product_tag-vinhos-roses","product_tag-vinhos-secos","product_tag-vinhos-suaves","product_tag-vinhos-tintos"],"_links":{"self":[{"href":"https:\/\/tatuape.hostguiase.com.br\/vinho\/wp-json\/wp\/v2\/product\/674","targetHints":{"allow":["GET"]}}],"collection":[{"href":"https:\/\/tatuape.hostguiase.com.br\/vinho\/wp-json\/wp\/v2\/product"}],"about":[{"href":"https:\/\/tatuape.hostguiase.com.br\/vinho\/wp-json\/wp\/v2\/types\/product"}],"replies":[{"embeddable":true,"href":"https:\/\/tatuape.hostguiase.com.br\/vinho\/wp-json\/wp\/v2\/comments?post=674"}],"wp:featuredmedia":[{"embeddable":true,"href":"https:\/\/tatuape.hostguiase.com.br\/vinho\/wp-json\/wp\/v2\/media\/673"}],"wp:attachment":[{"href":"https:\/\/tatuape.hostguiase.com.br\/vinho\/wp-json\/wp\/v2\/media?parent=674"}],"wp:term":[{"taxonomy":"product_cat","embeddable":true,"href":"https:\/\/tatuape.hostguiase.com.br\/vinho\/wp-json\/wp\/v2\/product_cat?post=674"},{"taxonomy":"product_tag","embeddable":true,"href":"https:\/\/tatuape.hostguiase.com.br\/vinho\/wp-json\/wp\/v2\/product_tag?post=674"}],"curies":[{"name":"wp","href":"https:\/\/api.w.org\/{rel}","templated":true}]}}