{"id":676,"date":"2023-01-09T19:14:51","date_gmt":"2023-01-09T19:14:51","guid":{"rendered":"https:\/\/tatuape.hostguiase.com.br\/vinho\/?post_type=product&#038;p=676"},"modified":"2023-01-25T01:15:14","modified_gmt":"2023-01-25T01:15:14","slug":"vinho-tinto-chileno-alto-del-valle-750ml-copia","status":"publish","type":"product","link":"https:\/\/tatuape.hostguiase.com.br\/vinho\/produto\/vinho-tinto-chileno-alto-del-valle-750ml-copia\/","title":{"rendered":"Vinho Branco Chileno Alto del Valle &#8211; 750ml"},"content":{"rendered":"<p>A <strong>Ler e Vinhos<\/strong> traz para voc\u00ea o Branco Chileno Alto Del Valle.\u00a0 Com aromas que lembram peras com notas florais. Em boca, percebem-se frutas brancas e grande refresc\u00e2ncia. As uvas se originam no vinhedo Villa Alegre, no Vale do Maule, a 258 quil\u00f4metros de Santiago. O solo de origem vulc\u00e2nica \u00e9 um diferencial para a elabora\u00e7\u00e3o desse exemplar.<\/p>\n<p>&nbsp;<\/p>\n<p>&nbsp;<\/p>\n<p><strong>Harmoniza\u00e7\u00e3o: <\/strong>\u00d3timo como aperitivo ou para acompanhar ceviches e saladas.<\/p>\n<p>&nbsp;<\/p>\n<p>A VENDA DE BEBIDAS ALCO\u00d3LICAS \u00c9 PROIBIDA PARA MENORES DE 18 ANOS. BEBA COM MODERA\u00c7\u00c3O.<\/p>\n","protected":false},"excerpt":{"rendered":"<p>A Ler e Vinhos traz para voc\u00ea o Branco Chileno Alto Del Valle.\u00a0 Com aromas que lembram peras com notas florais. Em boca, percebem-se frutas brancas e grande refresc\u00e2ncia. As uvas se originam no vinhedo Villa Alegre, no Vale do Maule, a 258 quil\u00f4metros de Santiago. O solo de origem vulc\u00e2nica \u00e9 um diferencial para [&hellip;]<\/p>\n","protected":false},"featured_media":650,"comment_status":"open","ping_status":"closed","template":"","meta":[],"product_cat":[79,51,23],"product_tag":[38,43,42,36,39,37,41,40,35],"class_list":["post-676","product","type-product","status-publish","has-post-thumbnail","hentry","product_cat-uvas-brancas","product_cat-chile","product_cat-vinho-branco","product_tag-espumantes","product_tag-vinho-cabernet-sauvignon","product_tag-vinho-malbec","product_tag-vinhos-brancos","product_tag-vinhos-do-porto","product_tag-vinhos-roses","product_tag-vinhos-secos","product_tag-vinhos-suaves","product_tag-vinhos-tintos"],"_links":{"self":[{"href":"https:\/\/tatuape.hostguiase.com.br\/vinho\/wp-json\/wp\/v2\/product\/676","targetHints":{"allow":["GET"]}}],"collection":[{"href":"https:\/\/tatuape.hostguiase.com.br\/vinho\/wp-json\/wp\/v2\/product"}],"about":[{"href":"https:\/\/tatuape.hostguiase.com.br\/vinho\/wp-json\/wp\/v2\/types\/product"}],"replies":[{"embeddable":true,"href":"https:\/\/tatuape.hostguiase.com.br\/vinho\/wp-json\/wp\/v2\/comments?post=676"}],"wp:featuredmedia":[{"embeddable":true,"href":"https:\/\/tatuape.hostguiase.com.br\/vinho\/wp-json\/wp\/v2\/media\/650"}],"wp:attachment":[{"href":"https:\/\/tatuape.hostguiase.com.br\/vinho\/wp-json\/wp\/v2\/media?parent=676"}],"wp:term":[{"taxonomy":"product_cat","embeddable":true,"href":"https:\/\/tatuape.hostguiase.com.br\/vinho\/wp-json\/wp\/v2\/product_cat?post=676"},{"taxonomy":"product_tag","embeddable":true,"href":"https:\/\/tatuape.hostguiase.com.br\/vinho\/wp-json\/wp\/v2\/product_tag?post=676"}],"curies":[{"name":"wp","href":"https:\/\/api.w.org\/{rel}","templated":true}]}}