{"id":678,"date":"2023-01-09T19:35:09","date_gmt":"2023-01-09T19:35:09","guid":{"rendered":"https:\/\/tatuape.hostguiase.com.br\/vinho\/?post_type=product&#038;p=678"},"modified":"2023-01-25T01:37:05","modified_gmt":"2023-01-25T01:37:05","slug":"vinho-chileno-mancura-mito-cabernet-sauvignon-2017-750ml","status":"publish","type":"product","link":"https:\/\/tatuape.hostguiase.com.br\/vinho\/produto\/vinho-chileno-mancura-mito-cabernet-sauvignon-2017-750ml\/","title":{"rendered":"Vinho Chileno Mancura  Branco &#8211; 750ml"},"content":{"rendered":"<p>A <strong>Ler e Vinhos<\/strong> traz para voc\u00ea o Branco Chileno Mancura.\u00a0 Com aromas e sabores tropicais, exala notas de abacaxi maduro e carambola, com um toque de flor de ac\u00e1cia, que o deixa ainda mais perfumado.<\/p>\n<p>&nbsp;<\/p>\n<p>A Mancura, ave considerada a guardi\u00e3 dos Andes e das terras de cultivo, deu nome a esta vin\u00edcola chilena. Os criadores da produ\u00e7\u00e3o acreditam, assim como os incas, que at\u00e9 hoje a ave guarda os vinhedos e faz o sol nascer a cada manh\u00e3, iniciando o ciclo vital. Com vinhas espalhadas por todo o Chile, ela localiza-se principalmente nos vales de Casablanca, Maipo, Cachapoal, Curic\u00f3 e Maule. Jorge Martinez \u00e9 o en\u00f3logo respons\u00e1vel por elaborar vinhos fi\u00e9is aos terroir do Chile. Segundo ele, \u00e9 assim que os consumidores globais podem interiorizar o pa\u00eds, a regi\u00e3o e suas variedades.<\/p>\n<p><strong>Harmoniza\u00e7\u00e3o: <\/strong>Ideal com peixes, frutos do mar e seladas<\/p>\n<p>&nbsp;<\/p>\n","protected":false},"excerpt":{"rendered":"<p>A Ler e Vinhos traz para voc\u00ea o Branco Chileno Mancura.\u00a0 Com aromas e sabores tropicais, exala notas de abacaxi maduro e carambola, com um toque de flor de ac\u00e1cia, que o deixa ainda mais perfumado. &nbsp; A Mancura, ave considerada a guardi\u00e3 dos Andes e das terras de cultivo, deu nome a esta vin\u00edcola [&hellip;]<\/p>\n","protected":false},"featured_media":679,"comment_status":"open","ping_status":"closed","template":"","meta":[],"product_cat":[67,51,23],"product_tag":[38,43,42,36,39,37,41,40,35],"class_list":["post-678","product","type-product","status-publish","has-post-thumbnail","hentry","product_cat-chardonnay","product_cat-chile","product_cat-vinho-branco","product_tag-espumantes","product_tag-vinho-cabernet-sauvignon","product_tag-vinho-malbec","product_tag-vinhos-brancos","product_tag-vinhos-do-porto","product_tag-vinhos-roses","product_tag-vinhos-secos","product_tag-vinhos-suaves","product_tag-vinhos-tintos"],"_links":{"self":[{"href":"https:\/\/tatuape.hostguiase.com.br\/vinho\/wp-json\/wp\/v2\/product\/678","targetHints":{"allow":["GET"]}}],"collection":[{"href":"https:\/\/tatuape.hostguiase.com.br\/vinho\/wp-json\/wp\/v2\/product"}],"about":[{"href":"https:\/\/tatuape.hostguiase.com.br\/vinho\/wp-json\/wp\/v2\/types\/product"}],"replies":[{"embeddable":true,"href":"https:\/\/tatuape.hostguiase.com.br\/vinho\/wp-json\/wp\/v2\/comments?post=678"}],"wp:featuredmedia":[{"embeddable":true,"href":"https:\/\/tatuape.hostguiase.com.br\/vinho\/wp-json\/wp\/v2\/media\/679"}],"wp:attachment":[{"href":"https:\/\/tatuape.hostguiase.com.br\/vinho\/wp-json\/wp\/v2\/media?parent=678"}],"wp:term":[{"taxonomy":"product_cat","embeddable":true,"href":"https:\/\/tatuape.hostguiase.com.br\/vinho\/wp-json\/wp\/v2\/product_cat?post=678"},{"taxonomy":"product_tag","embeddable":true,"href":"https:\/\/tatuape.hostguiase.com.br\/vinho\/wp-json\/wp\/v2\/product_tag?post=678"}],"curies":[{"name":"wp","href":"https:\/\/api.w.org\/{rel}","templated":true}]}}