{"id":681,"date":"2023-01-09T20:54:49","date_gmt":"2023-01-09T20:54:49","guid":{"rendered":"https:\/\/tatuape.hostguiase.com.br\/vinho\/?post_type=product&#038;p=681"},"modified":"2023-01-25T01:45:18","modified_gmt":"2023-01-25T01:45:18","slug":"vinho-tinto-argentino-zuccardi-los-olivos-750ml","status":"publish","type":"product","link":"https:\/\/tatuape.hostguiase.com.br\/vinho\/produto\/vinho-tinto-argentino-zuccardi-los-olivos-750ml\/","title":{"rendered":"Vinho Tinto Argentino Zuccardi Los Olivos &#8211; 750ml"},"content":{"rendered":"<p>A <strong>Ler e Vinhos<\/strong> traz para voc\u00ea o Vinho Tinto Argentino Los Olivos. Um Malbec para todos os dias, um jantar a dois, um dia depois do trabalho, a comemora\u00e7\u00e3o de uma boa not\u00edcia, brinde o agora!<\/p>\n<p>&nbsp;<\/p>\n<p>Foi no ano de 1963 que o engenheiro Alberto Zuccardi fundou a vin\u00edcola que leva o sobrenome de sua fam\u00edlia, a Zuccardi Wines. Na \u00e9poca, come\u00e7ou as experimenta\u00e7\u00f5es de um novo sistema de irriga\u00e7\u00e3o que idealizou com base em um m\u00e9todo ent\u00e3o usado na Calif\u00f3rnia. Muita coisa aconteceu nas \u00faltimas d\u00e9cadas na hist\u00f3ria da vin\u00edcola, mas o fato \u00e9: a ess\u00eancia da vin\u00edcola segue a mesma desde ent\u00e3o.<\/p>\n<p><strong>Harmoniza\u00e7\u00e3o:\u00a0 <\/strong>Churrasco, pizza de calabresa e embutidos.<\/p>\n<p>&nbsp;<\/p>\n<p>A VENDA DE BEBIDAS ALCO\u00d3LICAS \u00c9 PROIBIDA PARA MENORES DE 18 ANOS. BEBA COM MODERA\u00c7\u00c3O.<\/p>\n","protected":false},"excerpt":{"rendered":"<p>A Ler e Vinhos traz para voc\u00ea o Vinho Tinto Argentino Los Olivos. Um Malbec para todos os dias, um jantar a dois, um dia depois do trabalho, a comemora\u00e7\u00e3o de uma boa not\u00edcia, brinde o agora! &nbsp; Foi no ano de 1963 que o engenheiro Alberto Zuccardi fundou a vin\u00edcola que leva o sobrenome [&hellip;]<\/p>\n","protected":false},"featured_media":663,"comment_status":"open","ping_status":"closed","template":"","meta":[],"product_cat":[72,49,46],"product_tag":[38,43,42,36,39,37,41,40,35],"class_list":["post-681","product","type-product","status-publish","has-post-thumbnail","hentry","product_cat-malbec","product_cat-argentina","product_cat-vinho-tinto","product_tag-espumantes","product_tag-vinho-cabernet-sauvignon","product_tag-vinho-malbec","product_tag-vinhos-brancos","product_tag-vinhos-do-porto","product_tag-vinhos-roses","product_tag-vinhos-secos","product_tag-vinhos-suaves","product_tag-vinhos-tintos"],"_links":{"self":[{"href":"https:\/\/tatuape.hostguiase.com.br\/vinho\/wp-json\/wp\/v2\/product\/681","targetHints":{"allow":["GET"]}}],"collection":[{"href":"https:\/\/tatuape.hostguiase.com.br\/vinho\/wp-json\/wp\/v2\/product"}],"about":[{"href":"https:\/\/tatuape.hostguiase.com.br\/vinho\/wp-json\/wp\/v2\/types\/product"}],"replies":[{"embeddable":true,"href":"https:\/\/tatuape.hostguiase.com.br\/vinho\/wp-json\/wp\/v2\/comments?post=681"}],"wp:featuredmedia":[{"embeddable":true,"href":"https:\/\/tatuape.hostguiase.com.br\/vinho\/wp-json\/wp\/v2\/media\/663"}],"wp:attachment":[{"href":"https:\/\/tatuape.hostguiase.com.br\/vinho\/wp-json\/wp\/v2\/media?parent=681"}],"wp:term":[{"taxonomy":"product_cat","embeddable":true,"href":"https:\/\/tatuape.hostguiase.com.br\/vinho\/wp-json\/wp\/v2\/product_cat?post=681"},{"taxonomy":"product_tag","embeddable":true,"href":"https:\/\/tatuape.hostguiase.com.br\/vinho\/wp-json\/wp\/v2\/product_tag?post=681"}],"curies":[{"name":"wp","href":"https:\/\/api.w.org\/{rel}","templated":true}]}}