{"id":682,"date":"2023-01-09T21:37:46","date_gmt":"2023-01-09T21:37:46","guid":{"rendered":"https:\/\/tatuape.hostguiase.com.br\/vinho\/?post_type=product&#038;p=682"},"modified":"2023-01-25T01:28:32","modified_gmt":"2023-01-25T01:28:32","slug":"vinho-chileno-mancura-tinto-750ml","status":"publish","type":"product","link":"https:\/\/tatuape.hostguiase.com.br\/vinho\/produto\/vinho-chileno-mancura-tinto-750ml\/","title":{"rendered":"Vinho Chileno Mancura Tinto  &#8211; 750ml"},"content":{"rendered":"<p>A <strong>Ler e Vinhos<\/strong> traz para voc\u00ea\u00a0 o Vinho Tinto Mancura. Com notas florais e frutas vermelhas. As uvas provem do vinhedo El Puntal localizado no Vale do Maipo A regi\u00e3o tem boa incid\u00eancia solar e ventos frescos, tanto da cordilheira como do mar que exerce uma influencia moderadora da temperatura Essas condi\u00e7\u00f5es s\u00e3o ideias para produzir um Cabernet Sauvignon de boa concentra\u00e7\u00e3o e acidez.<\/p>\n<p>&nbsp;<\/p>\n<p>&nbsp;<\/p>\n<p><strong>Harmoniza\u00e7\u00e3o: <\/strong>Massa \u00e0 bolonhesa, pizza de calabresa e hamb\u00farguer com molho barbecue.<\/p>\n<p>&nbsp;<\/p>\n<p>&nbsp;<\/p>\n<p>A VENDA DE BEBIDAS ALCO\u00d3LICAS \u00c9 PROIBIDA PARA MENORES DE 18 ANOS. BEBA COM MODERA\u00c7\u00c3O.<\/p>\n","protected":false},"excerpt":{"rendered":"<p>A Ler e Vinhos traz para voc\u00ea\u00a0 o Vinho Tinto Mancura. Com notas florais e frutas vermelhas. As uvas provem do vinhedo El Puntal localizado no Vale do Maipo A regi\u00e3o tem boa incid\u00eancia solar e ventos frescos, tanto da cordilheira como do mar que exerce uma influencia moderadora da temperatura Essas condi\u00e7\u00f5es s\u00e3o ideias [&hellip;]<\/p>\n","protected":false},"featured_media":656,"comment_status":"open","ping_status":"closed","template":"","meta":[],"product_cat":[59,51,46],"product_tag":[38,43,42,36,39,37,41,40,35],"class_list":["post-682","product","type-product","status-publish","has-post-thumbnail","hentry","product_cat-cabernet-sauvingnon","product_cat-chile","product_cat-vinho-tinto","product_tag-espumantes","product_tag-vinho-cabernet-sauvignon","product_tag-vinho-malbec","product_tag-vinhos-brancos","product_tag-vinhos-do-porto","product_tag-vinhos-roses","product_tag-vinhos-secos","product_tag-vinhos-suaves","product_tag-vinhos-tintos"],"_links":{"self":[{"href":"https:\/\/tatuape.hostguiase.com.br\/vinho\/wp-json\/wp\/v2\/product\/682","targetHints":{"allow":["GET"]}}],"collection":[{"href":"https:\/\/tatuape.hostguiase.com.br\/vinho\/wp-json\/wp\/v2\/product"}],"about":[{"href":"https:\/\/tatuape.hostguiase.com.br\/vinho\/wp-json\/wp\/v2\/types\/product"}],"replies":[{"embeddable":true,"href":"https:\/\/tatuape.hostguiase.com.br\/vinho\/wp-json\/wp\/v2\/comments?post=682"}],"wp:featuredmedia":[{"embeddable":true,"href":"https:\/\/tatuape.hostguiase.com.br\/vinho\/wp-json\/wp\/v2\/media\/656"}],"wp:attachment":[{"href":"https:\/\/tatuape.hostguiase.com.br\/vinho\/wp-json\/wp\/v2\/media?parent=682"}],"wp:term":[{"taxonomy":"product_cat","embeddable":true,"href":"https:\/\/tatuape.hostguiase.com.br\/vinho\/wp-json\/wp\/v2\/product_cat?post=682"},{"taxonomy":"product_tag","embeddable":true,"href":"https:\/\/tatuape.hostguiase.com.br\/vinho\/wp-json\/wp\/v2\/product_tag?post=682"}],"curies":[{"name":"wp","href":"https:\/\/api.w.org\/{rel}","templated":true}]}}