{"id":683,"date":"2023-01-09T21:40:56","date_gmt":"2023-01-09T21:40:56","guid":{"rendered":"https:\/\/tatuape.hostguiase.com.br\/vinho\/?post_type=product&#038;p=683"},"modified":"2023-01-25T00:23:55","modified_gmt":"2023-01-25T00:23:55","slug":"vinho-tinto-italiano-livinitaly-shiraz","status":"publish","type":"product","link":"https:\/\/tatuape.hostguiase.com.br\/vinho\/produto\/vinho-tinto-italiano-livinitaly-shiraz\/","title":{"rendered":"Vinho Tinto Italiano Livin&#8217;Italy  Shiraz"},"content":{"rendered":"<p>A <strong>Ler e Vinhos<\/strong> traz para voc\u00ea\u00a0 o Tinto Italiano Livin&#8217;Italy . Vinho extremamente encorpado, com notas de chocolate e frutas vermelhas.<\/p>\n<p>Aromas bem r\u00fasticos, que remetem a fazenda, com notas de jabuticaba, amora, ameixa e fruta passada.<\/p>\n<p>&nbsp;<\/p>\n<p>LIVIN\u2019italy \u00e9 uma empresa movida atrav\u00e9s da paix\u00e3o pela tradicional \u201ccucina italina\u201d, e por seus vinhos de excelente qualidade. Exibem em seu restaurante uma lista de vinhos italianos genu\u00ednos e honestos. S\u00e3o r\u00f3tulos pr\u00f3prios LIVIN\u2019italy, provenientes de pequenos produtores italianos, amigos e parceiros da fam\u00edlia.<\/p>\n<p>&nbsp;<\/p>\n<p><strong>Harmoniza\u00e7\u00e3o: <\/strong>T\u00e1bua de frios, carnes vermelhas, grelhadas ou assadas.<\/p>\n<p>&nbsp;<\/p>\n<p>A VENDA DE BEBIDAS ALCO\u00d3LICAS \u00c9 PROIBIDA PARA MENORES DE 18 ANOS. BEBA COM MODERA\u00c7\u00c3O.<\/p>\n","protected":false},"excerpt":{"rendered":"<p>A Ler e Vinhos traz para voc\u00ea\u00a0 o Tinto Italiano Livin&#8217;Italy . Vinho extremamente encorpado, com notas de chocolate e frutas vermelhas. Aromas bem r\u00fasticos, que remetem a fazenda, com notas de jabuticaba, amora, ameixa e fruta passada. &nbsp; LIVIN\u2019italy \u00e9 uma empresa movida atrav\u00e9s da paix\u00e3o pela tradicional \u201ccucina italina\u201d, e por seus vinhos [&hellip;]<\/p>\n","protected":false},"featured_media":655,"comment_status":"open","ping_status":"closed","template":"","meta":[],"product_cat":[73,58,46],"product_tag":[38,43,42,36,39,37,41,40,35],"class_list":["post-683","product","type-product","status-publish","has-post-thumbnail","hentry","product_cat-italia","product_cat-shiraz","product_cat-vinho-tinto","product_tag-espumantes","product_tag-vinho-cabernet-sauvignon","product_tag-vinho-malbec","product_tag-vinhos-brancos","product_tag-vinhos-do-porto","product_tag-vinhos-roses","product_tag-vinhos-secos","product_tag-vinhos-suaves","product_tag-vinhos-tintos"],"_links":{"self":[{"href":"https:\/\/tatuape.hostguiase.com.br\/vinho\/wp-json\/wp\/v2\/product\/683","targetHints":{"allow":["GET"]}}],"collection":[{"href":"https:\/\/tatuape.hostguiase.com.br\/vinho\/wp-json\/wp\/v2\/product"}],"about":[{"href":"https:\/\/tatuape.hostguiase.com.br\/vinho\/wp-json\/wp\/v2\/types\/product"}],"replies":[{"embeddable":true,"href":"https:\/\/tatuape.hostguiase.com.br\/vinho\/wp-json\/wp\/v2\/comments?post=683"}],"wp:featuredmedia":[{"embeddable":true,"href":"https:\/\/tatuape.hostguiase.com.br\/vinho\/wp-json\/wp\/v2\/media\/655"}],"wp:attachment":[{"href":"https:\/\/tatuape.hostguiase.com.br\/vinho\/wp-json\/wp\/v2\/media?parent=683"}],"wp:term":[{"taxonomy":"product_cat","embeddable":true,"href":"https:\/\/tatuape.hostguiase.com.br\/vinho\/wp-json\/wp\/v2\/product_cat?post=683"},{"taxonomy":"product_tag","embeddable":true,"href":"https:\/\/tatuape.hostguiase.com.br\/vinho\/wp-json\/wp\/v2\/product_tag?post=683"}],"curies":[{"name":"wp","href":"https:\/\/api.w.org\/{rel}","templated":true}]}}