{"id":783,"date":"2023-01-17T22:34:46","date_gmt":"2023-01-17T22:34:46","guid":{"rendered":"https:\/\/tatuape.hostguiase.com.br\/vinho\/?post_type=product&#038;p=783"},"modified":"2023-01-25T03:04:30","modified_gmt":"2023-01-25T03:04:30","slug":"espumante-frances-beau-rocher-brut-branco-750ml","status":"publish","type":"product","link":"https:\/\/tatuape.hostguiase.com.br\/vinho\/produto\/espumante-frances-beau-rocher-brut-branco-750ml\/","title":{"rendered":"Espumante Franc\u00eas Beau Rocher Brut Branco &#8211; 750ml"},"content":{"rendered":"<p><strong>A Ler e Vinhos <\/strong>traz para voc\u00ea o espumante franc\u00eas Beau Rocher Brut Branco de pequenas e delicadas bolhas.\u00a0 Seus aromas lembram frutas brancas e, em boca, \u00e9 muito fresco e equilibrado<\/p>\n<p>O Les Grands Chais de France \u00e9 um grupo vitivin\u00edcola fundado em 1979 por Joseph Helfrich. Desde o in\u00edcio tornou-se parceiro dos principais produtores da Fran\u00e7a, compartilhando a filosofia de respeito ao terroir e paix\u00e3o pelos vinhos. A sede do grupo est\u00e1 localizada na Als\u00e1cia e a equipe conta com mais de 40 profissionais especializados em viticultura e enologia.<\/p>\n<p>&nbsp;<\/p>\n<p><strong>Harmoniza\u00e7\u00e3o:<\/strong> Excelente com aperitivos, peixes grelhados e pratos leves como aves.<\/p>\n<pre>\r\nA VENDA DE BEBIDAS ALCO\u00d3LICAS \u00c9 PROIBIDA PARA MENORES DE 18 ANOS. BEBA COM MODERA\u00c7\u00c3O.<\/pre>\n","protected":false},"excerpt":{"rendered":"<p>A Ler e Vinhos traz para voc\u00ea o espumante franc\u00eas Beau Rocher Brut Branco de pequenas e delicadas bolhas.\u00a0 Seus aromas lembram frutas brancas e, em boca, \u00e9 muito fresco e equilibrado O Les Grands Chais de France \u00e9 um grupo vitivin\u00edcola fundado em 1979 por Joseph Helfrich. Desde o in\u00edcio tornou-se parceiro dos principais [&hellip;]<\/p>\n","protected":false},"featured_media":784,"comment_status":"open","ping_status":"closed","template":"","meta":[],"product_cat":[62,53,25],"product_tag":[38,43,42,36,39,37,41,40,35],"class_list":["post-783","product","type-product","status-publish","has-post-thumbnail","hentry","product_cat-espumante-uva","product_cat-franca","product_cat-espumante","product_tag-espumantes","product_tag-vinho-cabernet-sauvignon","product_tag-vinho-malbec","product_tag-vinhos-brancos","product_tag-vinhos-do-porto","product_tag-vinhos-roses","product_tag-vinhos-secos","product_tag-vinhos-suaves","product_tag-vinhos-tintos"],"_links":{"self":[{"href":"https:\/\/tatuape.hostguiase.com.br\/vinho\/wp-json\/wp\/v2\/product\/783","targetHints":{"allow":["GET"]}}],"collection":[{"href":"https:\/\/tatuape.hostguiase.com.br\/vinho\/wp-json\/wp\/v2\/product"}],"about":[{"href":"https:\/\/tatuape.hostguiase.com.br\/vinho\/wp-json\/wp\/v2\/types\/product"}],"replies":[{"embeddable":true,"href":"https:\/\/tatuape.hostguiase.com.br\/vinho\/wp-json\/wp\/v2\/comments?post=783"}],"wp:featuredmedia":[{"embeddable":true,"href":"https:\/\/tatuape.hostguiase.com.br\/vinho\/wp-json\/wp\/v2\/media\/784"}],"wp:attachment":[{"href":"https:\/\/tatuape.hostguiase.com.br\/vinho\/wp-json\/wp\/v2\/media?parent=783"}],"wp:term":[{"taxonomy":"product_cat","embeddable":true,"href":"https:\/\/tatuape.hostguiase.com.br\/vinho\/wp-json\/wp\/v2\/product_cat?post=783"},{"taxonomy":"product_tag","embeddable":true,"href":"https:\/\/tatuape.hostguiase.com.br\/vinho\/wp-json\/wp\/v2\/product_tag?post=783"}],"curies":[{"name":"wp","href":"https:\/\/api.w.org\/{rel}","templated":true}]}}