{"id":799,"date":"2023-01-17T23:11:05","date_gmt":"2023-01-17T23:11:05","guid":{"rendered":"https:\/\/tatuape.hostguiase.com.br\/vinho\/?post_type=product&#038;p=799"},"modified":"2023-04-12T01:41:47","modified_gmt":"2023-04-12T01:41:47","slug":"vinho-branco-argentino-sol-sul-torrontes-branco-750ml","status":"publish","type":"product","link":"https:\/\/tatuape.hostguiase.com.br\/vinho\/produto\/vinho-branco-argentino-sol-sul-torrontes-branco-750ml\/","title":{"rendered":"Vinho Branco Argentino Sol Sul Torront\u00e9s Branco &#8211; 750ml"},"content":{"rendered":"<p>A <strong>Ler e Vinhos<\/strong> traz para voc\u00ea o Vinho Branco Argentino Sol Sul Torront\u00e9s. Muito fresco, este delicioso vinho tem aromas que une notas de floras brancas, frutas c\u00edtricas e tropicais e um leve toque mineral.\u00a0 Com acidez refrescante a sensa\u00e7\u00e3o e muito agrad\u00e1vel.<\/p>\n<p>&nbsp;<\/p>\n<p><strong>Harmoniza\u00e7\u00e3o <\/strong><\/p>\n<p>Carnes Brancas, saladas e frutos do mar.<\/p>\n<p>&nbsp;<\/p>\n<p>A VENDA DE BEBIDAS ALCO\u00d3LICAS \u00c9 PROIBIDA PARA MENORES DE 18 ANOS. BEBA COM MODERA\u00c7\u00c3O.<\/p>\n","protected":false},"excerpt":{"rendered":"<p>A Ler e Vinhos traz para voc\u00ea o Vinho Branco Argentino Sol Sul Torront\u00e9s. Muito fresco, este delicioso vinho tem aromas que une notas de floras brancas, frutas c\u00edtricas e tropicais e um leve toque mineral.\u00a0 Com acidez refrescante a sensa\u00e7\u00e3o e muito agrad\u00e1vel. &nbsp; Harmoniza\u00e7\u00e3o Carnes Brancas, saladas e frutos do mar. &nbsp; A [&hellip;]<\/p>\n","protected":false},"featured_media":796,"comment_status":"open","ping_status":"closed","template":"","meta":[],"product_cat":[66,49,23],"product_tag":[38,43,42,36,39,37,41,40,35],"class_list":["post-799","product","type-product","status-publish","has-post-thumbnail","hentry","product_cat-torrontes","product_cat-argentina","product_cat-vinho-branco","product_tag-espumantes","product_tag-vinho-cabernet-sauvignon","product_tag-vinho-malbec","product_tag-vinhos-brancos","product_tag-vinhos-do-porto","product_tag-vinhos-roses","product_tag-vinhos-secos","product_tag-vinhos-suaves","product_tag-vinhos-tintos"],"_links":{"self":[{"href":"https:\/\/tatuape.hostguiase.com.br\/vinho\/wp-json\/wp\/v2\/product\/799","targetHints":{"allow":["GET"]}}],"collection":[{"href":"https:\/\/tatuape.hostguiase.com.br\/vinho\/wp-json\/wp\/v2\/product"}],"about":[{"href":"https:\/\/tatuape.hostguiase.com.br\/vinho\/wp-json\/wp\/v2\/types\/product"}],"replies":[{"embeddable":true,"href":"https:\/\/tatuape.hostguiase.com.br\/vinho\/wp-json\/wp\/v2\/comments?post=799"}],"wp:featuredmedia":[{"embeddable":true,"href":"https:\/\/tatuape.hostguiase.com.br\/vinho\/wp-json\/wp\/v2\/media\/796"}],"wp:attachment":[{"href":"https:\/\/tatuape.hostguiase.com.br\/vinho\/wp-json\/wp\/v2\/media?parent=799"}],"wp:term":[{"taxonomy":"product_cat","embeddable":true,"href":"https:\/\/tatuape.hostguiase.com.br\/vinho\/wp-json\/wp\/v2\/product_cat?post=799"},{"taxonomy":"product_tag","embeddable":true,"href":"https:\/\/tatuape.hostguiase.com.br\/vinho\/wp-json\/wp\/v2\/product_tag?post=799"}],"curies":[{"name":"wp","href":"https:\/\/api.w.org\/{rel}","templated":true}]}}