{"id":802,"date":"2023-01-18T00:14:14","date_gmt":"2023-01-18T00:14:14","guid":{"rendered":"https:\/\/tatuape.hostguiase.com.br\/vinho\/?post_type=product&#038;p=802"},"modified":"2023-01-25T03:03:44","modified_gmt":"2023-01-25T03:03:44","slug":"vinho-branco-espanhol-de-andres-sisters-oh-750ml","status":"publish","type":"product","link":"https:\/\/tatuape.hostguiase.com.br\/vinho\/produto\/vinho-branco-espanhol-de-andres-sisters-oh-750ml\/","title":{"rendered":"Vinho Branco Espanhol De Andres Sisters Oh!  &#8211; 750ml"},"content":{"rendered":"<p>A <strong>Ler e Vinhos<\/strong> traz para voc\u00ea\u00a0 o branco de Espanhol de Andres Sisters Oh! com uvas colhidas \u00e0 noite, com as temperaturas mais frescas auxiliando na reten\u00e7\u00e3o de acidez e aromas. O vinho \u00e9 muito rico e arom\u00e1tico, com notas de frutas de caro\u00e7o como p\u00eassegos e damascos junto a um toque de louro e abacaxi.<\/p>\n<p>&nbsp;<\/p>\n<p><strong>Harmoniza\u00e7\u00e3o:\u00a0 <\/strong>peixes grelhados na manteiga, camar\u00f5es, lulas e frutos do mar em geral.<\/p>\n<p>&nbsp;<\/p>\n<p class=\"Corpo\"><span lang=\"pt\" xml:lang=\"pt\">As irm\u00e3s Ruth e Ana de Andres t\u00eam, com o vinho, uma rela\u00e7\u00e3o muito bem resolvida. Inquietas, buscam, nos diversos\u00a0<em>terroirs\u00a0<\/em>espanh\u00f3is, criar vinhos inspiradores, que surgem ap\u00f3s pesquisas, conversas, viagens e muita experimenta\u00e7\u00e3o.<\/span><\/p>\n<p class=\"Corpo\"><span lang=\"pt\" xml:lang=\"pt\">\u00a0<\/span><\/p>\n<p class=\"Corpo\">A VENDA DE BEBIDAS ALCO\u00d3LICAS \u00c9 PROIBIDA PARA MENORES DE 18 ANOS. BEBA COM MODERA\u00c7\u00c3O.<\/p>\n","protected":false},"excerpt":{"rendered":"<p>A Ler e Vinhos traz para voc\u00ea\u00a0 o branco de Espanhol de Andres Sisters Oh! com uvas colhidas \u00e0 noite, com as temperaturas mais frescas auxiliando na reten\u00e7\u00e3o de acidez e aromas. O vinho \u00e9 muito rico e arom\u00e1tico, com notas de frutas de caro\u00e7o como p\u00eassegos e damascos junto a um toque de louro [&hellip;]<\/p>\n","protected":false},"featured_media":791,"comment_status":"open","ping_status":"closed","template":"","meta":[],"product_cat":[75,71,23],"product_tag":[38,43,42,36,39,37,41,40,35],"class_list":["post-802","product","type-product","status-publish","has-post-thumbnail","hentry","product_cat-espanha","product_cat-tempranillo","product_cat-vinho-branco","product_tag-espumantes","product_tag-vinho-cabernet-sauvignon","product_tag-vinho-malbec","product_tag-vinhos-brancos","product_tag-vinhos-do-porto","product_tag-vinhos-roses","product_tag-vinhos-secos","product_tag-vinhos-suaves","product_tag-vinhos-tintos"],"_links":{"self":[{"href":"https:\/\/tatuape.hostguiase.com.br\/vinho\/wp-json\/wp\/v2\/product\/802","targetHints":{"allow":["GET"]}}],"collection":[{"href":"https:\/\/tatuape.hostguiase.com.br\/vinho\/wp-json\/wp\/v2\/product"}],"about":[{"href":"https:\/\/tatuape.hostguiase.com.br\/vinho\/wp-json\/wp\/v2\/types\/product"}],"replies":[{"embeddable":true,"href":"https:\/\/tatuape.hostguiase.com.br\/vinho\/wp-json\/wp\/v2\/comments?post=802"}],"wp:featuredmedia":[{"embeddable":true,"href":"https:\/\/tatuape.hostguiase.com.br\/vinho\/wp-json\/wp\/v2\/media\/791"}],"wp:attachment":[{"href":"https:\/\/tatuape.hostguiase.com.br\/vinho\/wp-json\/wp\/v2\/media?parent=802"}],"wp:term":[{"taxonomy":"product_cat","embeddable":true,"href":"https:\/\/tatuape.hostguiase.com.br\/vinho\/wp-json\/wp\/v2\/product_cat?post=802"},{"taxonomy":"product_tag","embeddable":true,"href":"https:\/\/tatuape.hostguiase.com.br\/vinho\/wp-json\/wp\/v2\/product_tag?post=802"}],"curies":[{"name":"wp","href":"https:\/\/api.w.org\/{rel}","templated":true}]}}