{"id":805,"date":"2023-01-19T01:50:31","date_gmt":"2023-01-19T01:50:31","guid":{"rendered":"https:\/\/tatuape.hostguiase.com.br\/vinho\/?post_type=product&#038;p=805"},"modified":"2023-01-25T03:03:28","modified_gmt":"2023-01-25T03:03:28","slug":"vinho-branco-argentino-tierra-de-lechuzas-la-florita-750ml","status":"publish","type":"product","link":"https:\/\/tatuape.hostguiase.com.br\/vinho\/produto\/vinho-branco-argentino-tierra-de-lechuzas-la-florita-750ml\/","title":{"rendered":"Vinho Branco Argentino Tierra de Lechuzas La Florita   &#8211; 750ml"},"content":{"rendered":"<p>A <strong>Ler e Vinhos<\/strong> traz para voc\u00ea\u00a0 o branco Argentino Tierras de Lechuzas. Produzido em Tupungato, uma das micro-regi\u00f5es de Mendoza, lugar escolhido por fam\u00edlias de belas corujas, as Lechuzas, que batizam o precioso vinho.<\/p>\n<p>Uvas produzidas sem o uso de aditivos ou adubos, uma cadeia de produ\u00e7\u00e3o sustent\u00e1vel do campo at\u00e9 a garrafa. O tom amarelo e claro, no aroma apresenta notas de p\u00eassegos e peras, entregando um paladar delicado e com acidez moderada.<\/p>\n<p>100% org\u00e2nico, produ\u00e7\u00e3o sustent\u00e1vel em apenas 10 hectares, solo arenoso com irriga\u00e7\u00e3o por gotejamento.<\/p>\n<p><strong>Harmoniza\u00e7\u00e3o:\u00a0 <\/strong>Peixes, frutos do mar\u00a0 e carnes brancas.<\/p>\n<p>&nbsp;<\/p>\n<p class=\"Corpo\"><span lang=\"pt\" xml:lang=\"pt\">\u00a0<\/span><\/p>\n<p class=\"Corpo\">A VENDA DE BEBIDAS ALCO\u00d3LICAS \u00c9 PROIBIDA PARA MENORES DE 18 ANOS. BEBA COM MODERA\u00c7\u00c3O.<\/p>\n","protected":false},"excerpt":{"rendered":"<p>A Ler e Vinhos traz para voc\u00ea\u00a0 o branco Argentino Tierras de Lechuzas. Produzido em Tupungato, uma das micro-regi\u00f5es de Mendoza, lugar escolhido por fam\u00edlias de belas corujas, as Lechuzas, que batizam o precioso vinho. Uvas produzidas sem o uso de aditivos ou adubos, uma cadeia de produ\u00e7\u00e3o sustent\u00e1vel do campo at\u00e9 a garrafa. O [&hellip;]<\/p>\n","protected":false},"featured_media":926,"comment_status":"open","ping_status":"closed","template":"","meta":[],"product_cat":[76,49,23],"product_tag":[38,43,42,36,39,37,41,40,35],"class_list":["post-805","product","type-product","status-publish","has-post-thumbnail","hentry","product_cat-semillon","product_cat-argentina","product_cat-vinho-branco","product_tag-espumantes","product_tag-vinho-cabernet-sauvignon","product_tag-vinho-malbec","product_tag-vinhos-brancos","product_tag-vinhos-do-porto","product_tag-vinhos-roses","product_tag-vinhos-secos","product_tag-vinhos-suaves","product_tag-vinhos-tintos"],"_links":{"self":[{"href":"https:\/\/tatuape.hostguiase.com.br\/vinho\/wp-json\/wp\/v2\/product\/805","targetHints":{"allow":["GET"]}}],"collection":[{"href":"https:\/\/tatuape.hostguiase.com.br\/vinho\/wp-json\/wp\/v2\/product"}],"about":[{"href":"https:\/\/tatuape.hostguiase.com.br\/vinho\/wp-json\/wp\/v2\/types\/product"}],"replies":[{"embeddable":true,"href":"https:\/\/tatuape.hostguiase.com.br\/vinho\/wp-json\/wp\/v2\/comments?post=805"}],"wp:featuredmedia":[{"embeddable":true,"href":"https:\/\/tatuape.hostguiase.com.br\/vinho\/wp-json\/wp\/v2\/media\/926"}],"wp:attachment":[{"href":"https:\/\/tatuape.hostguiase.com.br\/vinho\/wp-json\/wp\/v2\/media?parent=805"}],"wp:term":[{"taxonomy":"product_cat","embeddable":true,"href":"https:\/\/tatuape.hostguiase.com.br\/vinho\/wp-json\/wp\/v2\/product_cat?post=805"},{"taxonomy":"product_tag","embeddable":true,"href":"https:\/\/tatuape.hostguiase.com.br\/vinho\/wp-json\/wp\/v2\/product_tag?post=805"}],"curies":[{"name":"wp","href":"https:\/\/api.w.org\/{rel}","templated":true}]}}