{"id":927,"date":"2023-01-19T04:44:33","date_gmt":"2023-01-19T04:44:33","guid":{"rendered":"https:\/\/tatuape.hostguiase.com.br\/vinho\/?post_type=product&#038;p=927"},"modified":"2023-01-25T03:03:07","modified_gmt":"2023-01-25T03:03:07","slug":"vinho-tinto-portugues-casual-tejo-750ml","status":"publish","type":"product","link":"https:\/\/tatuape.hostguiase.com.br\/vinho\/produto\/vinho-tinto-portugues-casual-tejo-750ml\/","title":{"rendered":"Vinho Tinto Portugu\u00eas Casual Tejo &#8211; 750ml"},"content":{"rendered":"<p>A <strong>Ler e Vinhos<\/strong> traz para voc\u00ea o tinto portugu\u00eas Casual elaborado com as castas Trincadeira, Castel\u00e3o e Touriga Nacional.<\/p>\n<p>Sem passagem por madeira, conserva toda a tipicidade de suas castas e terroir, o que se nota no caracter\u00edstico toque floral aportado pela Touriga Nacional.<\/p>\n<p>&nbsp;<\/p>\n<p><strong>Harmoniza\u00e7\u00e3o: <\/strong>carnes vermelhas, risotos condimentados e queijos como o Gouda<\/p>\n<p>&nbsp;<\/p>\n<p>Criada pelas m\u00e3os de experientes en\u00f3logos e empres\u00e1rios e capitaneada pelo antigo presidente e fundador da renomada D\u00e3o Sul, o viticultor e en\u00f3logo Casimiro Gomes, a Lusovini conta, em seu portf\u00f3lio, com vinhos elaborados em diferentes partes de Portugal &#8211; D\u00e3o, Douro, Bairrada, Alentejo e regi\u00e3o do Vinho Verde.<\/p>\n<p>&nbsp;<\/p>\n<p>A VENDA DE BEBIDAS ALCO\u00d3LICAS \u00c9 PROIBIDA PARA MENORES DE 18 ANOS. BEBA COM MODERA\u00c7\u00c3O.<\/p>\n","protected":false},"excerpt":{"rendered":"<p>A Ler e Vinhos traz para voc\u00ea o tinto portugu\u00eas Casual elaborado com as castas Trincadeira, Castel\u00e3o e Touriga Nacional. Sem passagem por madeira, conserva toda a tipicidade de suas castas e terroir, o que se nota no caracter\u00edstico toque floral aportado pela Touriga Nacional. &nbsp; Harmoniza\u00e7\u00e3o: carnes vermelhas, risotos condimentados e queijos como o [&hellip;]<\/p>\n","protected":false},"featured_media":786,"comment_status":"open","ping_status":"closed","template":"","meta":[],"product_cat":[61,55,46],"product_tag":[38,43,42,36,39,37,41,40,35],"class_list":["post-927","product","type-product","status-publish","has-post-thumbnail","hentry","product_cat-blend","product_cat-portugal","product_cat-vinho-tinto","product_tag-espumantes","product_tag-vinho-cabernet-sauvignon","product_tag-vinho-malbec","product_tag-vinhos-brancos","product_tag-vinhos-do-porto","product_tag-vinhos-roses","product_tag-vinhos-secos","product_tag-vinhos-suaves","product_tag-vinhos-tintos"],"_links":{"self":[{"href":"https:\/\/tatuape.hostguiase.com.br\/vinho\/wp-json\/wp\/v2\/product\/927","targetHints":{"allow":["GET"]}}],"collection":[{"href":"https:\/\/tatuape.hostguiase.com.br\/vinho\/wp-json\/wp\/v2\/product"}],"about":[{"href":"https:\/\/tatuape.hostguiase.com.br\/vinho\/wp-json\/wp\/v2\/types\/product"}],"replies":[{"embeddable":true,"href":"https:\/\/tatuape.hostguiase.com.br\/vinho\/wp-json\/wp\/v2\/comments?post=927"}],"wp:featuredmedia":[{"embeddable":true,"href":"https:\/\/tatuape.hostguiase.com.br\/vinho\/wp-json\/wp\/v2\/media\/786"}],"wp:attachment":[{"href":"https:\/\/tatuape.hostguiase.com.br\/vinho\/wp-json\/wp\/v2\/media?parent=927"}],"wp:term":[{"taxonomy":"product_cat","embeddable":true,"href":"https:\/\/tatuape.hostguiase.com.br\/vinho\/wp-json\/wp\/v2\/product_cat?post=927"},{"taxonomy":"product_tag","embeddable":true,"href":"https:\/\/tatuape.hostguiase.com.br\/vinho\/wp-json\/wp\/v2\/product_tag?post=927"}],"curies":[{"name":"wp","href":"https:\/\/api.w.org\/{rel}","templated":true}]}}